{"id":21744,"date":"2025-10-05T11:50:38","date_gmt":"2025-10-05T09:50:38","guid":{"rendered":"https:\/\/www.happysurvey.ch\/gnss-rtk\/triton\/spezifikationen\/"},"modified":"2025-10-05T12:53:30","modified_gmt":"2025-10-05T10:53:30","slug":"spezifikationen","status":"publish","type":"page","link":"https:\/\/www.happysurvey.ch\/de\/gnss-rtk\/triton\/spezifikationen\/","title":{"rendered":"Spezifikationen"},"content":{"rendered":"<div class=\"wpb-content-wrapper\"><p>[vc_row bg_color=&#8220;#0a0a0a&#8220; text_color=&#8220;light&#8220; top_padding=&#8220;120&#8243;][vc_column][vc_column_text]<\/p>\n<p style=\"text-align: right;\"><span style=\"font-family: Montserrat;\"><span style=\"color: #fad201;\"><a style=\"color: #fad201;\" href=\"http:\/\/www.happysurvey.ch\/de\/gnss-rtk\/triton\/\">\u00dcbersicht<\/a><\/span>\u00a0 \u00a0 \u00a0 Spezifikationen<\/span><\/p>\n<p>[\/vc_column_text][\/vc_column][\/vc_row][vc_row bg_color=&#8220;#0a0a0a&#8220; text_color=&#8220;light&#8220; top_padding=&#8220;160&#8243;][vc_column width=&#8220;1\/1&#8243;]<div class=\"single_image wpb_content_element align-left  animate   \" data-animation=\"fade-in-from-bottom\" data-delay=\"0\"><img decoding=\"async\" class=\"\" src=\"https:\/\/www.happysurvey.ch\/wp-content\/uploads\/2025\/09\/happy.triton-315x130.png\" width=\"315\" height=\"130\" alt=\"happy.triton\" title=\"happy.triton\" loading=\"lazy\" \/><\/div>[\/vc_column][\/vc_row][vc_row bg_color=&#8220;#0a0a0a&#8220; text_color=&#8220;light&#8220;][vc_column width=&#8220;1\/1&#8243;]<div class=\"divider divider1\" style='margin:40px 0 40px 0 !important;'><\/div>[vc_row_inner][vc_column_inner width=&#8220;1\/3&#8243;][vc_column_text]<span style=\"font-size: 20px; font-family: Montserrat;\"><strong>GNSS-Performance<\/strong><\/span>[\/vc_column_text][\/vc_column_inner][vc_column_inner width=&#8220;1\/3&#8243;][vc_column_text]<strong>Kan\u00e4le<\/strong><br \/>\n1408[\/vc_column_text][vc_column_text]<strong>GPS<\/strong><br \/>\nL1 &#8211; L2 &#8211; L5[\/vc_column_text][vc_column_text]<strong>GALILEO<\/strong><br \/>\nE1 &#8211; E5A &#8211; E5B[\/vc_column_text][vc_column_text]<strong>Kaltstart<\/strong><br \/>\n&lt;60s[\/vc_column_text][vc_column_text]<b>Positionsaktualisierung<br \/>\n<\/b>1-50Hz[\/vc_column_text][vc_column_text]<b>RTK-Initialisierung<br \/>\n<\/b>&lt;10s[\/vc_column_text][vc_column_text]<strong>IMU<\/strong><br \/>\n0-60\u00b0[\/vc_column_text][\/vc_column_inner][vc_column_inner width=&#8220;1\/3&#8243;][vc_column_text]<b>Zeitgenauigkeit<br \/>\n<\/b>20ns[\/vc_column_text][vc_column_text]<b>GLONASS<br \/>\n<\/b>L1 &#8211; L2 &#8211; L5[\/vc_column_text][vc_column_text]<b>BEIDOU<br \/>\n<\/b>B1 &#8211; B2 &#8211; B3[\/vc_column_text][vc_column_text]<strong>Aufstartzeit<\/strong><br \/>\n&lt;15s[\/vc_column_text][vc_column_text]<b>Neue Signalsuche<br \/>\n<\/b>&lt;1s[\/vc_column_text][vc_column_text]<b>Initialisierungszuverl\u00e4ssigkeit<br \/>\n<\/b>&gt;99.99%[\/vc_column_text][vc_column_text]<b>Multipathfilters<br \/>\n<\/b>Ja[\/vc_column_text][\/vc_column_inner][\/vc_row_inner]<div class=\"divider divider1\" style='margin:40px 0 40px 0 !important;'><\/div>[vc_row_inner][vc_column_inner width=&#8220;1\/3&#8243;][vc_column_text]<span style=\"font-size: 20px; font-family: Montserrat;\"><strong>Positionsgenauigkeit<\/strong><\/span>[\/vc_column_text][\/vc_column_inner][vc_column_inner width=&#8220;1\/3&#8243;][vc_column_text]<strong>Horizontal<\/strong><br \/>\n\u00b18mm +1ppm[\/vc_column_text][\/vc_column_inner][vc_column_inner width=&#8220;1\/3&#8243;][vc_column_text]<strong>Vertikal<\/strong><br \/>\n\u00b115mm +1ppm[\/vc_column_text][\/vc_column_inner][\/vc_row_inner]<div class=\"divider divider1\" style='margin:40px 0 40px 0 !important;'><\/div>[vc_row_inner][vc_column_inner width=&#8220;1\/3&#8243;][vc_column_text]<span style=\"font-size: 20px; font-family: Montserrat;\"><strong>Physikalische Spezifikationen<\/strong><\/span>[\/vc_column_text][\/vc_column_inner][vc_column_inner width=&#8220;1\/3&#8243;][vc_column_text]<strong>Abmessungen (H\u00d7\u00d8)<\/strong><br \/>\n69\u00d7102mm[\/vc_column_text][vc_column_text]<strong>Batteriekapazit\u00e4t<br \/>\n<\/strong>5000mAh[\/vc_column_text][vc_column_text]<strong>Betriebstemperatur<br \/>\n<\/strong>-40\u00b0C bis 75\u00b0C[\/vc_column_text][vc_column_text]<b>Kunststoffmaterial<br \/>\n<\/b>Magnesiumlegierung[\/vc_column_text][vc_column_text]<strong>Stossfestigkeit<\/strong><br \/>\n\u00dcberlebt Sturz aus 2m H\u00f6he auf festen Untergrund[\/vc_column_text][\/vc_column_inner][vc_column_inner width=&#8220;1\/3&#8243;][vc_column_text]<strong>Gewicht (mit Batterie)<\/strong><br \/>\n500g[\/vc_column_text][vc_column_text]<strong>Batteriedauer<\/strong><br \/>\n&gt;12h[\/vc_column_text][vc_column_text]<strong>Lagerungstemperatur<\/strong><br \/>\n-55\u00b0C bis 85\u00b0C[\/vc_column_text][vc_column_text]<strong>Schutzklasse<\/strong><br \/>\nIP67[\/vc_column_text][vc_column_text]<strong>Feuchtigkeit<\/strong><br \/>\n100% keine Kondensation[\/vc_column_text][\/vc_column_inner][\/vc_row_inner]<div class=\"divider divider1\" style='margin:40px 0 40px 0 !important;'><\/div>[vc_row_inner][vc_column_inner width=&#8220;1\/3&#8243;][vc_column_text]<span style=\"font-size: 20px; font-family: Montserrat;\"><strong>Netzwerk und Konnektivit\u00e4t<\/strong><\/span>[\/vc_column_text][\/vc_column_inner][vc_column_inner width=&#8220;1\/3&#8243;][vc_column_text]<b>E\/A-Anschluss<br \/>\n<\/b>USB-C[\/vc_column_text][vc_column_text]<b>Mobilfunk<br \/>\n<\/b>4G[\/vc_column_text][vc_column_text]<strong>Bluetooth<br \/>\n<\/strong>Bluetooth 5.2 Classical\/BLE double-mode[\/vc_column_text][\/vc_column_inner][vc_column_inner width=&#8220;1\/3&#8243;][vc_column_text]<b>Funk<br \/>\n<\/b>Ja[\/vc_column_text][vc_column_text]<b>Wi-fi<br \/>\n<\/b>802.11 b\/g[\/vc_column_text][vc_column_text]<b>Lagerung<br \/>\n<\/b>64Gb[\/vc_column_text][\/vc_column_inner][\/vc_row_inner]<div class=\"divider divider9\" style='margin:80px 0 0 0 !important;'><\/div>[\/vc_column][\/vc_row]<\/p>\n<\/div>","protected":false},"excerpt":{"rendered":"<p>[vc_row bg_color=&#8220;#0a0a0a&#8220; text_color=&#8220;light&#8220; top_padding=&#8220;120&#8243;][vc_column][vc_column_text] \u00dcbersicht\u00a0 \u00a0 \u00a0 Spezifikationen [\/vc_column_text][\/vc_column][\/vc_row][vc_row bg_color=&#8220;#0a0a0a&#8220; text_color=&#8220;light&#8220; top_padding=&#8220;160&#8243;][vc_column width=&#8220;1\/1&#8243;][\/vc_column][\/vc_row][vc_row bg_color=&#8220;#0a0a0a&#8220; text_color=&#8220;light&#8220;][vc_column width=&#8220;1\/1&#8243;][vc_row_inner][vc_column_inner width=&#8220;1\/3&#8243;][vc_column_text]GNSS-Performance[\/vc_column_text][\/vc_column_inner][vc_column_inner width=&#8220;1\/3&#8243;][vc_column_text]Kan\u00e4le 1408[\/vc_column_text][vc_column_text]GPS L1 &#8211; L2 &#8211; L5[\/vc_column_text][vc_column_text]GALILEO E1 &#8211; E5A &#8211; E5B[\/vc_column_text][vc_column_text]Kaltstart &lt;60s[\/vc_column_text][vc_column_text]Positionsaktualisierung 1-50Hz[\/vc_column_text][vc_column_text]RTK-Initialisierung &lt;10s[\/vc_column_text][vc_column_text]IMU 0-60\u00b0[\/vc_column_text][\/vc_column_inner][vc_column_inner width=&#8220;1\/3&#8243;][vc_column_text]Zeitgenauigkeit 20ns[\/vc_column_text][vc_column_text]GLONASS L1 &#8211; L2 &#8211; L5[\/vc_column_text][vc_column_text]BEIDOU B1 &#8211; B2 &#8211; B3[\/vc_column_text][vc_column_text]Aufstartzeit &lt;15s[\/vc_column_text][vc_column_text]Neue Signalsuche &lt;1s[\/vc_column_text][vc_column_text]Initialisierungszuverl\u00e4ssigkeit &gt;99.99%[\/vc_column_text][vc_column_text]Multipathfilters Ja[\/vc_column_text][\/vc_column_inner][\/vc_row_inner][vc_row_inner][vc_column_inner width=&#8220;1\/3&#8243;][vc_column_text]Positionsgenauigkeit[\/vc_column_text][\/vc_column_inner][vc_column_inner width=&#8220;1\/3&#8243;][vc_column_text]Horizontal \u00b18mm +1ppm[\/vc_column_text][\/vc_column_inner][vc_column_inner width=&#8220;1\/3&#8243;][vc_column_text]Vertikal \u00b115mm +1ppm[\/vc_column_text][\/vc_column_inner][\/vc_row_inner][vc_row_inner][vc_column_inner width=&#8220;1\/3&#8243;][vc_column_text]Physikalische Spezifikationen[\/vc_column_text][\/vc_column_inner][vc_column_inner width=&#8220;1\/3&#8243;][vc_column_text]Abmessungen (H\u00d7\u00d8) 69\u00d7102mm[\/vc_column_text][vc_column_text]Batteriekapazit\u00e4t 5000mAh[\/vc_column_text][vc_column_text]Betriebstemperatur -40\u00b0C bis 75\u00b0C[\/vc_column_text][vc_column_text]Kunststoffmaterial Magnesiumlegierung[\/vc_column_text][vc_column_text]Stossfestigkeit \u00dcberlebt Sturz aus 2m H\u00f6he auf festen Untergrund[\/vc_column_text][\/vc_column_inner][vc_column_inner width=&#8220;1\/3&#8243;][vc_column_text]Gewicht (mit Batterie) 500g[\/vc_column_text][vc_column_text]Batteriedauer &gt;12h[\/vc_column_text][vc_column_text]Lagerungstemperatur -55\u00b0C bis 85\u00b0C[\/vc_column_text][vc_column_text]Schutzklasse IP67[\/vc_column_text][vc_column_text]Feuchtigkeit 100% keine Kondensation[\/vc_column_text][\/vc_column_inner][\/vc_row_inner][vc_row_inner][vc_column_inner width=&#8220;1\/3&#8243;][vc_column_text]Netzwerk und Konnektivit\u00e4t[\/vc_column_text][\/vc_column_inner][vc_column_inner width=&#8220;1\/3&#8243;][vc_column_text]E\/A-Anschluss USB-C[\/vc_column_text][vc_column_text]Mobilfunk 4G[\/vc_column_text][vc_column_text]Bluetooth Bluetooth 5.2 Classical\/BLE double-mode[\/vc_column_text][\/vc_column_inner][vc_column_inner width=&#8220;1\/3&#8243;][vc_column_text]Funk Ja[\/vc_column_text][vc_column_text]Wi-fi 802.11 b\/g[\/vc_column_text][vc_column_text]Lagerung 64Gb[\/vc_column_text][\/vc_column_inner][\/vc_row_inner][\/vc_column][\/vc_row]<\/p>\n","protected":false},"author":1,"featured_media":0,"parent":21737,"menu_order":0,"comment_status":"closed","ping_status":"closed","template":"","meta":{"footnotes":""},"class_list":["post-21744","page","type-page","status-publish","hentry"],"yoast_head":"<!-- This site is optimized with the Yoast SEO plugin v24.6 - https:\/\/yoast.com\/wordpress\/plugins\/seo\/ -->\n<title>Spezifikationen | HAPPY SURVEY<\/title>\n<meta name=\"robots\" content=\"index, follow, max-snippet:-1, max-image-preview:large, max-video-preview:-1\" \/>\n<link rel=\"canonical\" href=\"https:\/\/www.happysurvey.ch\/de\/gnss-rtk\/triton\/spezifikationen\/\" \/>\n<meta property=\"og:locale\" content=\"de_DE\" \/>\n<meta property=\"og:type\" content=\"article\" \/>\n<meta property=\"og:title\" content=\"Spezifikationen | HAPPY SURVEY\" \/>\n<meta property=\"og:description\" content=\"[vc_row bg_color=&#8220;#0a0a0a&#8220; text_color=&#8220;light&#8220; top_padding=&#8220;120&#8243;][vc_column][vc_column_text] \u00dcbersicht\u00a0 \u00a0 \u00a0 Spezifikationen [\/vc_column_text][\/vc_column][\/vc_row][vc_row bg_color=&#8220;#0a0a0a&#8220; text_color=&#8220;light&#8220; top_padding=&#8220;160&#8243;][vc_column width=&#8220;1\/1&#8243;][\/vc_column][\/vc_row][vc_row bg_color=&#8220;#0a0a0a&#8220; text_color=&#8220;light&#8220;][vc_column width=&#8220;1\/1&#8243;][vc_row_inner][vc_column_inner width=&#8220;1\/3&#8243;][vc_column_text]GNSS-Performance[\/vc_column_text][\/vc_column_inner][vc_column_inner width=&#8220;1\/3&#8243;][vc_column_text]Kan\u00e4le 1408[\/vc_column_text][vc_column_text]GPS L1 &#8211; L2 &#8211; L5[\/vc_column_text][vc_column_text]GALILEO E1 &#8211; E5A &#8211; E5B[\/vc_column_text][vc_column_text]Kaltstart &lt;60s[\/vc_column_text][vc_column_text]Positionsaktualisierung 1-50Hz[\/vc_column_text][vc_column_text]RTK-Initialisierung &lt;10s[\/vc_column_text][vc_column_text]IMU 0-60\u00b0[\/vc_column_text][\/vc_column_inner][vc_column_inner width=&#8220;1\/3&#8243;][vc_column_text]Zeitgenauigkeit 20ns[\/vc_column_text][vc_column_text]GLONASS L1 &#8211; L2 &#8211; L5[\/vc_column_text][vc_column_text]BEIDOU B1 &#8211; B2 &#8211; B3[\/vc_column_text][vc_column_text]Aufstartzeit &lt;15s[\/vc_column_text][vc_column_text]Neue Signalsuche &lt;1s[\/vc_column_text][vc_column_text]Initialisierungszuverl\u00e4ssigkeit &gt;99.99%[\/vc_column_text][vc_column_text]Multipathfilters Ja[\/vc_column_text][\/vc_column_inner][\/vc_row_inner][vc_row_inner][vc_column_inner width=&#8220;1\/3&#8243;][vc_column_text]Positionsgenauigkeit[\/vc_column_text][\/vc_column_inner][vc_column_inner width=&#8220;1\/3&#8243;][vc_column_text]Horizontal \u00b18mm +1ppm[\/vc_column_text][\/vc_column_inner][vc_column_inner width=&#8220;1\/3&#8243;][vc_column_text]Vertikal \u00b115mm +1ppm[\/vc_column_text][\/vc_column_inner][\/vc_row_inner][vc_row_inner][vc_column_inner width=&#8220;1\/3&#8243;][vc_column_text]Physikalische Spezifikationen[\/vc_column_text][\/vc_column_inner][vc_column_inner width=&#8220;1\/3&#8243;][vc_column_text]Abmessungen (H\u00d7\u00d8) 69\u00d7102mm[\/vc_column_text][vc_column_text]Batteriekapazit\u00e4t 5000mAh[\/vc_column_text][vc_column_text]Betriebstemperatur -40\u00b0C bis 75\u00b0C[\/vc_column_text][vc_column_text]Kunststoffmaterial Magnesiumlegierung[\/vc_column_text][vc_column_text]Stossfestigkeit \u00dcberlebt Sturz aus 2m H\u00f6he auf festen Untergrund[\/vc_column_text][\/vc_column_inner][vc_column_inner width=&#8220;1\/3&#8243;][vc_column_text]Gewicht (mit Batterie) 500g[\/vc_column_text][vc_column_text]Batteriedauer &gt;12h[\/vc_column_text][vc_column_text]Lagerungstemperatur -55\u00b0C bis 85\u00b0C[\/vc_column_text][vc_column_text]Schutzklasse IP67[\/vc_column_text][vc_column_text]Feuchtigkeit 100% keine Kondensation[\/vc_column_text][\/vc_column_inner][\/vc_row_inner][vc_row_inner][vc_column_inner width=&#8220;1\/3&#8243;][vc_column_text]Netzwerk und Konnektivit\u00e4t[\/vc_column_text][\/vc_column_inner][vc_column_inner width=&#8220;1\/3&#8243;][vc_column_text]E\/A-Anschluss USB-C[\/vc_column_text][vc_column_text]Mobilfunk 4G[\/vc_column_text][vc_column_text]Bluetooth Bluetooth 5.2 Classical\/BLE double-mode[\/vc_column_text][\/vc_column_inner][vc_column_inner width=&#8220;1\/3&#8243;][vc_column_text]Funk Ja[\/vc_column_text][vc_column_text]Wi-fi 802.11 b\/g[\/vc_column_text][vc_column_text]Lagerung 64Gb[\/vc_column_text][\/vc_column_inner][\/vc_row_inner][\/vc_column][\/vc_row]\" \/>\n<meta property=\"og:url\" content=\"https:\/\/www.happysurvey.ch\/de\/gnss-rtk\/triton\/spezifikationen\/\" \/>\n<meta property=\"og:site_name\" content=\"HAPPY SURVEY\" \/>\n<meta property=\"article:publisher\" content=\"https:\/\/www.facebook.com\/Happy-Survey-237150900351987\/\" \/>\n<meta property=\"article:modified_time\" content=\"2025-10-05T10:53:30+00:00\" \/>\n<meta property=\"og:image\" content=\"https:\/\/www.happysurvey.ch\/wp-content\/uploads\/2024\/10\/profile.jpg\" \/>\n\t<meta property=\"og:image:width\" content=\"1644\" \/>\n\t<meta property=\"og:image:height\" content=\"1096\" \/>\n\t<meta property=\"og:image:type\" content=\"image\/jpeg\" \/>\n<meta name=\"twitter:card\" content=\"summary_large_image\" \/>\n<meta name=\"twitter:label1\" content=\"Gesch\u00e4tzte Lesezeit\" \/>\n\t<meta name=\"twitter:data1\" content=\"1\u00a0Minute\" \/>\n<script type=\"application\/ld+json\" class=\"yoast-schema-graph\">{\"@context\":\"https:\/\/schema.org\",\"@graph\":[{\"@type\":\"WebPage\",\"@id\":\"https:\/\/www.happysurvey.ch\/de\/gnss-rtk\/triton\/spezifikationen\/\",\"url\":\"https:\/\/www.happysurvey.ch\/de\/gnss-rtk\/triton\/spezifikationen\/\",\"name\":\"Spezifikationen | HAPPY SURVEY\",\"isPartOf\":{\"@id\":\"https:\/\/www.happysurvey.ch\/#website\"},\"datePublished\":\"2025-10-05T09:50:38+00:00\",\"dateModified\":\"2025-10-05T10:53:30+00:00\",\"breadcrumb\":{\"@id\":\"https:\/\/www.happysurvey.ch\/de\/gnss-rtk\/triton\/spezifikationen\/#breadcrumb\"},\"inLanguage\":\"de\",\"potentialAction\":[{\"@type\":\"ReadAction\",\"target\":[\"https:\/\/www.happysurvey.ch\/de\/gnss-rtk\/triton\/spezifikationen\/\"]}]},{\"@type\":\"BreadcrumbList\",\"@id\":\"https:\/\/www.happysurvey.ch\/de\/gnss-rtk\/triton\/spezifikationen\/#breadcrumb\",\"itemListElement\":[{\"@type\":\"ListItem\",\"position\":1,\"name\":\"Home\",\"item\":\"https:\/\/www.happysurvey.ch\/de\/\"},{\"@type\":\"ListItem\",\"position\":2,\"name\":\"GNSS RTK\",\"item\":\"https:\/\/www.happysurvey.ch\/de\/gnss-rtk\/\"},{\"@type\":\"ListItem\",\"position\":3,\"name\":\"TRITON\",\"item\":\"https:\/\/www.happysurvey.ch\/de\/gnss-rtk\/triton\/\"},{\"@type\":\"ListItem\",\"position\":4,\"name\":\"Spezifikationen\"}]},{\"@type\":\"WebSite\",\"@id\":\"https:\/\/www.happysurvey.ch\/#website\",\"url\":\"https:\/\/www.happysurvey.ch\/\",\"name\":\"HAPPY SURVEY\",\"description\":\"High Precision Positioning\",\"publisher\":{\"@id\":\"https:\/\/www.happysurvey.ch\/#organization\"},\"potentialAction\":[{\"@type\":\"SearchAction\",\"target\":{\"@type\":\"EntryPoint\",\"urlTemplate\":\"https:\/\/www.happysurvey.ch\/?s={search_term_string}\"},\"query-input\":{\"@type\":\"PropertyValueSpecification\",\"valueRequired\":true,\"valueName\":\"search_term_string\"}}],\"inLanguage\":\"de\"},{\"@type\":\"Organization\",\"@id\":\"https:\/\/www.happysurvey.ch\/#organization\",\"name\":\"HAPPY SURVEY Sagl\",\"url\":\"https:\/\/www.happysurvey.ch\/\",\"logo\":{\"@type\":\"ImageObject\",\"inLanguage\":\"de\",\"@id\":\"https:\/\/www.happysurvey.ch\/#\/schema\/logo\/image\/\",\"url\":\"https:\/\/www.happysurvey.ch\/wp-content\/uploads\/2024\/10\/profile.jpg\",\"contentUrl\":\"https:\/\/www.happysurvey.ch\/wp-content\/uploads\/2024\/10\/profile.jpg\",\"width\":1644,\"height\":1096,\"caption\":\"HAPPY SURVEY Sagl\"},\"image\":{\"@id\":\"https:\/\/www.happysurvey.ch\/#\/schema\/logo\/image\/\"},\"sameAs\":[\"https:\/\/www.facebook.com\/Happy-Survey-237150900351987\/\",\"https:\/\/www.instagram.com\/happysurvey\/\",\"https:\/\/www.linkedin.com\/company\/happy-survey-sagl\/\"]}]}<\/script>\n<!-- \/ Yoast SEO plugin. -->","yoast_head_json":{"title":"Spezifikationen | HAPPY SURVEY","robots":{"index":"index","follow":"follow","max-snippet":"max-snippet:-1","max-image-preview":"max-image-preview:large","max-video-preview":"max-video-preview:-1"},"canonical":"https:\/\/www.happysurvey.ch\/de\/gnss-rtk\/triton\/spezifikationen\/","og_locale":"de_DE","og_type":"article","og_title":"Spezifikationen | HAPPY SURVEY","og_description":"[vc_row bg_color=&#8220;#0a0a0a&#8220; text_color=&#8220;light&#8220; top_padding=&#8220;120&#8243;][vc_column][vc_column_text] \u00dcbersicht\u00a0 \u00a0 \u00a0 Spezifikationen [\/vc_column_text][\/vc_column][\/vc_row][vc_row bg_color=&#8220;#0a0a0a&#8220; text_color=&#8220;light&#8220; top_padding=&#8220;160&#8243;][vc_column width=&#8220;1\/1&#8243;][\/vc_column][\/vc_row][vc_row bg_color=&#8220;#0a0a0a&#8220; text_color=&#8220;light&#8220;][vc_column width=&#8220;1\/1&#8243;][vc_row_inner][vc_column_inner width=&#8220;1\/3&#8243;][vc_column_text]GNSS-Performance[\/vc_column_text][\/vc_column_inner][vc_column_inner width=&#8220;1\/3&#8243;][vc_column_text]Kan\u00e4le 1408[\/vc_column_text][vc_column_text]GPS L1 &#8211; L2 &#8211; L5[\/vc_column_text][vc_column_text]GALILEO E1 &#8211; E5A &#8211; E5B[\/vc_column_text][vc_column_text]Kaltstart &lt;60s[\/vc_column_text][vc_column_text]Positionsaktualisierung 1-50Hz[\/vc_column_text][vc_column_text]RTK-Initialisierung &lt;10s[\/vc_column_text][vc_column_text]IMU 0-60\u00b0[\/vc_column_text][\/vc_column_inner][vc_column_inner width=&#8220;1\/3&#8243;][vc_column_text]Zeitgenauigkeit 20ns[\/vc_column_text][vc_column_text]GLONASS L1 &#8211; L2 &#8211; L5[\/vc_column_text][vc_column_text]BEIDOU B1 &#8211; B2 &#8211; B3[\/vc_column_text][vc_column_text]Aufstartzeit &lt;15s[\/vc_column_text][vc_column_text]Neue Signalsuche &lt;1s[\/vc_column_text][vc_column_text]Initialisierungszuverl\u00e4ssigkeit &gt;99.99%[\/vc_column_text][vc_column_text]Multipathfilters Ja[\/vc_column_text][\/vc_column_inner][\/vc_row_inner][vc_row_inner][vc_column_inner width=&#8220;1\/3&#8243;][vc_column_text]Positionsgenauigkeit[\/vc_column_text][\/vc_column_inner][vc_column_inner width=&#8220;1\/3&#8243;][vc_column_text]Horizontal \u00b18mm +1ppm[\/vc_column_text][\/vc_column_inner][vc_column_inner width=&#8220;1\/3&#8243;][vc_column_text]Vertikal \u00b115mm +1ppm[\/vc_column_text][\/vc_column_inner][\/vc_row_inner][vc_row_inner][vc_column_inner width=&#8220;1\/3&#8243;][vc_column_text]Physikalische Spezifikationen[\/vc_column_text][\/vc_column_inner][vc_column_inner width=&#8220;1\/3&#8243;][vc_column_text]Abmessungen (H\u00d7\u00d8) 69\u00d7102mm[\/vc_column_text][vc_column_text]Batteriekapazit\u00e4t 5000mAh[\/vc_column_text][vc_column_text]Betriebstemperatur -40\u00b0C bis 75\u00b0C[\/vc_column_text][vc_column_text]Kunststoffmaterial Magnesiumlegierung[\/vc_column_text][vc_column_text]Stossfestigkeit \u00dcberlebt Sturz aus 2m H\u00f6he auf festen Untergrund[\/vc_column_text][\/vc_column_inner][vc_column_inner width=&#8220;1\/3&#8243;][vc_column_text]Gewicht (mit Batterie) 500g[\/vc_column_text][vc_column_text]Batteriedauer &gt;12h[\/vc_column_text][vc_column_text]Lagerungstemperatur -55\u00b0C bis 85\u00b0C[\/vc_column_text][vc_column_text]Schutzklasse IP67[\/vc_column_text][vc_column_text]Feuchtigkeit 100% keine Kondensation[\/vc_column_text][\/vc_column_inner][\/vc_row_inner][vc_row_inner][vc_column_inner width=&#8220;1\/3&#8243;][vc_column_text]Netzwerk und Konnektivit\u00e4t[\/vc_column_text][\/vc_column_inner][vc_column_inner width=&#8220;1\/3&#8243;][vc_column_text]E\/A-Anschluss USB-C[\/vc_column_text][vc_column_text]Mobilfunk 4G[\/vc_column_text][vc_column_text]Bluetooth Bluetooth 5.2 Classical\/BLE double-mode[\/vc_column_text][\/vc_column_inner][vc_column_inner width=&#8220;1\/3&#8243;][vc_column_text]Funk Ja[\/vc_column_text][vc_column_text]Wi-fi 802.11 b\/g[\/vc_column_text][vc_column_text]Lagerung 64Gb[\/vc_column_text][\/vc_column_inner][\/vc_row_inner][\/vc_column][\/vc_row]","og_url":"https:\/\/www.happysurvey.ch\/de\/gnss-rtk\/triton\/spezifikationen\/","og_site_name":"HAPPY SURVEY","article_publisher":"https:\/\/www.facebook.com\/Happy-Survey-237150900351987\/","article_modified_time":"2025-10-05T10:53:30+00:00","og_image":[{"width":1644,"height":1096,"url":"https:\/\/www.happysurvey.ch\/wp-content\/uploads\/2024\/10\/profile.jpg","type":"image\/jpeg"}],"twitter_card":"summary_large_image","twitter_misc":{"Gesch\u00e4tzte Lesezeit":"1\u00a0Minute"},"schema":{"@context":"https:\/\/schema.org","@graph":[{"@type":"WebPage","@id":"https:\/\/www.happysurvey.ch\/de\/gnss-rtk\/triton\/spezifikationen\/","url":"https:\/\/www.happysurvey.ch\/de\/gnss-rtk\/triton\/spezifikationen\/","name":"Spezifikationen | HAPPY SURVEY","isPartOf":{"@id":"https:\/\/www.happysurvey.ch\/#website"},"datePublished":"2025-10-05T09:50:38+00:00","dateModified":"2025-10-05T10:53:30+00:00","breadcrumb":{"@id":"https:\/\/www.happysurvey.ch\/de\/gnss-rtk\/triton\/spezifikationen\/#breadcrumb"},"inLanguage":"de","potentialAction":[{"@type":"ReadAction","target":["https:\/\/www.happysurvey.ch\/de\/gnss-rtk\/triton\/spezifikationen\/"]}]},{"@type":"BreadcrumbList","@id":"https:\/\/www.happysurvey.ch\/de\/gnss-rtk\/triton\/spezifikationen\/#breadcrumb","itemListElement":[{"@type":"ListItem","position":1,"name":"Home","item":"https:\/\/www.happysurvey.ch\/de\/"},{"@type":"ListItem","position":2,"name":"GNSS RTK","item":"https:\/\/www.happysurvey.ch\/de\/gnss-rtk\/"},{"@type":"ListItem","position":3,"name":"TRITON","item":"https:\/\/www.happysurvey.ch\/de\/gnss-rtk\/triton\/"},{"@type":"ListItem","position":4,"name":"Spezifikationen"}]},{"@type":"WebSite","@id":"https:\/\/www.happysurvey.ch\/#website","url":"https:\/\/www.happysurvey.ch\/","name":"HAPPY SURVEY","description":"High Precision Positioning","publisher":{"@id":"https:\/\/www.happysurvey.ch\/#organization"},"potentialAction":[{"@type":"SearchAction","target":{"@type":"EntryPoint","urlTemplate":"https:\/\/www.happysurvey.ch\/?s={search_term_string}"},"query-input":{"@type":"PropertyValueSpecification","valueRequired":true,"valueName":"search_term_string"}}],"inLanguage":"de"},{"@type":"Organization","@id":"https:\/\/www.happysurvey.ch\/#organization","name":"HAPPY SURVEY Sagl","url":"https:\/\/www.happysurvey.ch\/","logo":{"@type":"ImageObject","inLanguage":"de","@id":"https:\/\/www.happysurvey.ch\/#\/schema\/logo\/image\/","url":"https:\/\/www.happysurvey.ch\/wp-content\/uploads\/2024\/10\/profile.jpg","contentUrl":"https:\/\/www.happysurvey.ch\/wp-content\/uploads\/2024\/10\/profile.jpg","width":1644,"height":1096,"caption":"HAPPY SURVEY Sagl"},"image":{"@id":"https:\/\/www.happysurvey.ch\/#\/schema\/logo\/image\/"},"sameAs":["https:\/\/www.facebook.com\/Happy-Survey-237150900351987\/","https:\/\/www.instagram.com\/happysurvey\/","https:\/\/www.linkedin.com\/company\/happy-survey-sagl\/"]}]}},"_links":{"self":[{"href":"https:\/\/www.happysurvey.ch\/de\/wp-json\/wp\/v2\/pages\/21744","targetHints":{"allow":["GET"]}}],"collection":[{"href":"https:\/\/www.happysurvey.ch\/de\/wp-json\/wp\/v2\/pages"}],"about":[{"href":"https:\/\/www.happysurvey.ch\/de\/wp-json\/wp\/v2\/types\/page"}],"author":[{"embeddable":true,"href":"https:\/\/www.happysurvey.ch\/de\/wp-json\/wp\/v2\/users\/1"}],"replies":[{"embeddable":true,"href":"https:\/\/www.happysurvey.ch\/de\/wp-json\/wp\/v2\/comments?post=21744"}],"version-history":[{"count":3,"href":"https:\/\/www.happysurvey.ch\/de\/wp-json\/wp\/v2\/pages\/21744\/revisions"}],"predecessor-version":[{"id":21773,"href":"https:\/\/www.happysurvey.ch\/de\/wp-json\/wp\/v2\/pages\/21744\/revisions\/21773"}],"up":[{"embeddable":true,"href":"https:\/\/www.happysurvey.ch\/de\/wp-json\/wp\/v2\/pages\/21737"}],"wp:attachment":[{"href":"https:\/\/www.happysurvey.ch\/de\/wp-json\/wp\/v2\/media?parent=21744"}],"curies":[{"name":"wp","href":"https:\/\/api.w.org\/{rel}","templated":true}]}}