{"id":8367,"date":"2021-07-30T09:41:10","date_gmt":"2021-07-30T07:41:10","guid":{"rendered":"http:\/\/www.happysurvey.ch\/happy-rtk\/happy-drill\/"},"modified":"2025-06-25T10:27:36","modified_gmt":"2025-06-25T08:27:36","slug":"happy-drill","status":"publish","type":"page","link":"https:\/\/www.happysurvey.ch\/de\/software\/code\/happy-drill\/","title":{"rendered":"HAPPY DRILL"},"content":{"rendered":"<div class=\"wpb-content-wrapper\"><p>[vc_row bg_color=&#8220;#000000&#8243; text_color=&#8220;light&#8220; full_height=&#8220;true&#8220;][vc_column width=&#8220;1\/4&#8243;][\/vc_column][vc_column width=&#8220;1\/2&#8243;][vc_row_inner][vc_column_inner]<div class=\"single_image wpb_content_element align-left  animate   \" data-animation=\"fade-in-from-bottom\" data-delay=\"0\"><img decoding=\"async\" src=\"https:\/\/www.happysurvey.ch\/wp-content\/uploads\/2024\/03\/01.happy_.drill_.svg\" class=\"attachment-full\" alt=\"\" title=\"01.happy.drill\" \/><\/div>[\/vc_column_inner][\/vc_row_inner][\/vc_column][vc_column width=&#8220;1\/4&#8243;][\/vc_column][\/vc_row][vc_row bg_color=&#8220;#000000&#8243; text_color=&#8220;light&#8220; top_padding=&#8220;80&#8243; bottom_padding=&#8220;80&#8243;][vc_column width=&#8220;1\/1&#8243;][vc_row_inner][vc_column_inner offset=&#8220;vc_hidden-lg vc_hidden-md vc_hidden-sm&#8220;][vc_column_text css_animation=&#8220;fadeInUp&#8220;]<span style=\"font-size: 20px; font-family: Montserrat;\"><strong><span style=\"color: #fad201;\">HAPPY DRILL<\/span> macht sich die Leistungsf\u00e4higkeit von HAPPY RTK zunutze, um eine einzigartige Anwendung zu schaffen.<\/strong><\/span><\/p>\n<p><span style=\"font-size: 20px; font-family: Montserrat;\"><strong>Dank der intelligenten Sensoren von HAPPY SURVEY sind die, <span style=\"color: #fad201;\">Bohrsysteme<\/span> schneller und genauer als je zuvor.<\/strong><\/span>[\/vc_column_text][\/vc_column_inner][\/vc_row_inner][vc_row_inner][vc_column_inner offset=&#8220;vc_hidden-xs&#8220; css=&#8220;.vc_custom_1710496642224{padding-top: 80px !important;padding-bottom: 80px !important;}&#8220;][vc_column_text css_animation=&#8220;fadeInUp&#8220;]<\/p>\n<h2><span style=\"font-size: 40px; font-family: Montserrat;\"><strong><span style=\"color: #fad201;\">HAPPY DRILL<\/span> macht sich die Leistungsf\u00e4higkeit von HAPPY RTK zunutze, um eine einzigartige Anwendung zu schaffen.<\/strong><\/span><\/h2>\n<h2><span style=\"font-size: 40px; font-family: Montserrat;\"><strong>Dank der intelligenten Sensoren von HAPPY SURVEY sind die, <span style=\"color: #fad201;\">Bohrsysteme<\/span> schneller und genauer als je zuvor.<\/strong><\/span><\/h2>\n<p>[\/vc_column_text]<div class=\"spacer\" style=\"height: 80px;\"><\/div><div class=\"single_image wpb_content_element align-left    \" data-animation=\"none\" data-delay=\"0\"><img loading=\"lazy\" decoding=\"async\" width=\"2386\" height=\"1342\" src=\"https:\/\/www.happysurvey.ch\/wp-content\/uploads\/2022\/03\/03-Aerial-1.jpg\" class=\"attachment-full\" alt=\"\" title=\"03 Aerial\" srcset=\"https:\/\/www.happysurvey.ch\/wp-content\/uploads\/2022\/03\/03-Aerial-1.jpg 2386w, https:\/\/www.happysurvey.ch\/wp-content\/uploads\/2022\/03\/03-Aerial-1-300x169.jpg 300w, https:\/\/www.happysurvey.ch\/wp-content\/uploads\/2022\/03\/03-Aerial-1-1024x576.jpg 1024w, https:\/\/www.happysurvey.ch\/wp-content\/uploads\/2022\/03\/03-Aerial-1-768x432.jpg 768w, https:\/\/www.happysurvey.ch\/wp-content\/uploads\/2022\/03\/03-Aerial-1-1536x864.jpg 1536w, https:\/\/www.happysurvey.ch\/wp-content\/uploads\/2022\/03\/03-Aerial-1-2048x1152.jpg 2048w, https:\/\/www.happysurvey.ch\/wp-content\/uploads\/2022\/03\/03-Aerial-1-1000x563.jpg 1000w\" sizes=\"auto, (max-width: 2386px) 100vw, 2386px\" \/><\/div>[\/vc_column_inner][\/vc_row_inner][\/vc_column][\/vc_row][vc_row type=&#8220;full_width_section&#8220; bg_color=&#8220;#000000&#8243; text_color=&#8220;light&#8220;][vc_column width=&#8220;1\/1&#8243;][vc_row_inner][vc_column_inner offset=&#8220;vc_hidden-lg vc_hidden-md vc_hidden-sm&#8220;]<div class=\"single_image wpb_content_element align-left    \" data-animation=\"none\" data-delay=\"0\"><img loading=\"lazy\" decoding=\"async\" width=\"2386\" height=\"1342\" src=\"https:\/\/www.happysurvey.ch\/wp-content\/uploads\/2022\/03\/03-Aerial-1.jpg\" class=\"attachment-full\" alt=\"\" title=\"03 Aerial\" srcset=\"https:\/\/www.happysurvey.ch\/wp-content\/uploads\/2022\/03\/03-Aerial-1.jpg 2386w, https:\/\/www.happysurvey.ch\/wp-content\/uploads\/2022\/03\/03-Aerial-1-300x169.jpg 300w, https:\/\/www.happysurvey.ch\/wp-content\/uploads\/2022\/03\/03-Aerial-1-1024x576.jpg 1024w, https:\/\/www.happysurvey.ch\/wp-content\/uploads\/2022\/03\/03-Aerial-1-768x432.jpg 768w, https:\/\/www.happysurvey.ch\/wp-content\/uploads\/2022\/03\/03-Aerial-1-1536x864.jpg 1536w, https:\/\/www.happysurvey.ch\/wp-content\/uploads\/2022\/03\/03-Aerial-1-2048x1152.jpg 2048w, https:\/\/www.happysurvey.ch\/wp-content\/uploads\/2022\/03\/03-Aerial-1-1000x563.jpg 1000w\" sizes=\"auto, (max-width: 2386px) 100vw, 2386px\" \/><\/div>[\/vc_column_inner][\/vc_row_inner][\/vc_column][\/vc_row][vc_row top_padding=&#8220;80&#8243; bottom_padding=&#8220;80&#8243;][vc_column width=&#8220;1\/1&#8243;][vc_row_inner][vc_column_inner offset=&#8220;vc_hidden-lg vc_hidden-md vc_hidden-sm&#8220;][vc_column_text css_animation=&#8220;fadeInUp&#8220;]<\/p>\n<h1><span style=\"font-family: Montserrat; font-size: 36px;\"><strong>Pr\u00e4zise und vielseitig<\/strong><\/span><\/h1>\n<p style=\"text-align: left;\"><span style=\"font-size: 16px; font-family: Montserrat;\">Dank der Rechenleistung unserer Systeme und der Vielseitigkeit von HAPPY RTK messen wir mit \u00e4u\u00dferster <strong>Pr\u00e4zision die Position, Neigung und Tiefe<\/strong> jedes einzelnen Bohrpunktes.<\/span><\/p>\n<p>[\/vc_column_text][\/vc_column_inner][\/vc_row_inner][vc_row_inner][vc_column_inner offset=&#8220;vc_hidden-xs&#8220; css=&#8220;.vc_custom_1710499145833{padding-top: 80px !important;}&#8220;][vc_column_text css_animation=&#8220;fadeInUp&#8220;]<\/p>\n<h1 style=\"text-align: left;\"><span style=\"font-family: Montserrat; font-size: 60px;\"><strong>Pr\u00e4zise und vielseitig<\/strong><\/span><\/h1>\n<p style=\"text-align: left;\"><span style=\"font-size: 20px; font-family: Montserrat;\">Dank der Rechenleistung unserer Systeme und der Vielseitigkeit von HAPPY RTK messen wir mit \u00e4u\u00dferster <strong>Pr\u00e4zision die Position, Neigung und Tiefe<\/strong> jedes einzelnen Bohrpunktes.<\/span><\/p>\n<p>[\/vc_column_text][\/vc_column_inner][\/vc_row_inner][\/vc_column][\/vc_row][vc_row type=&#8220;full_width_section&#8220; bottom_padding=&#8220;80&#8243;][vc_column width=&#8220;1\/1&#8243;][vc_row_inner][vc_column_inner offset=&#8220;vc_hidden-xs&#8220;]<div class=\"single_image wpb_content_element align-center    \" data-animation=\"none\" data-delay=\"0\"><img loading=\"lazy\" decoding=\"async\" width=\"1920\" height=\"385\" src=\"https:\/\/www.happysurvey.ch\/wp-content\/uploads\/2022\/03\/HAPPY-DRILL-6.gif\" class=\"attachment-full\" alt=\"\" title=\"HAPPY-DRILL\" \/><\/div>[\/vc_column_inner][\/vc_row_inner][vc_row_inner][vc_column_inner offset=&#8220;vc_hidden-lg vc_hidden-md vc_hidden-sm&#8220;]<div class=\"single_image wpb_content_element align-center    \" data-animation=\"none\" data-delay=\"0\"><img loading=\"lazy\" decoding=\"async\" width=\"582\" height=\"346\" src=\"https:\/\/www.happysurvey.ch\/wp-content\/uploads\/2022\/03\/HAPPY-DRILL-mobile-2.gif\" class=\"attachment-full\" alt=\"\" title=\"HAPPY-DRILL-mobile\" \/><\/div>[\/vc_column_inner][\/vc_row_inner][\/vc_column][\/vc_row][vc_row type=&#8220;full_width_section&#8220;][vc_column width=&#8220;1\/1&#8243;]<div class=\"single_image wpb_content_element align-left  animate   \" data-animation=\"fade-in-from-bottom\" data-delay=\"0\"><img loading=\"lazy\" decoding=\"async\" width=\"2000\" height=\"1333\" src=\"https:\/\/www.happysurvey.ch\/wp-content\/uploads\/2022\/03\/2-Solutions.jpg\" class=\"attachment-full\" alt=\"\" title=\"2 - Solutions\" srcset=\"https:\/\/www.happysurvey.ch\/wp-content\/uploads\/2022\/03\/2-Solutions.jpg 2000w, https:\/\/www.happysurvey.ch\/wp-content\/uploads\/2022\/03\/2-Solutions-300x200.jpg 300w, https:\/\/www.happysurvey.ch\/wp-content\/uploads\/2022\/03\/2-Solutions-1024x682.jpg 1024w, https:\/\/www.happysurvey.ch\/wp-content\/uploads\/2022\/03\/2-Solutions-768x512.jpg 768w, https:\/\/www.happysurvey.ch\/wp-content\/uploads\/2022\/03\/2-Solutions-1536x1024.jpg 1536w, https:\/\/www.happysurvey.ch\/wp-content\/uploads\/2022\/03\/2-Solutions-600x400.jpg 600w\" sizes=\"auto, (max-width: 2000px) 100vw, 2000px\" \/><\/div>[\/vc_column][\/vc_row][vc_row top_padding=&#8220;80&#8243; bottom_padding=&#8220;80&#8243;][vc_column width=&#8220;1\/1&#8243;][vc_row_inner][vc_column_inner offset=&#8220;vc_hidden-xs&#8220; css=&#8220;.vc_custom_1710498171251{padding-top: 80px !important;padding-bottom: 80px !important;}&#8220;][vc_column_text css_animation=&#8220;fadeInUp&#8220;]<\/p>\n<h1 style=\"text-align: left;\"><span style=\"font-size: 60px; font-family: Montserrat;\"><strong>Echte Fernsteuerung<\/strong><\/span><\/h1>\n<p style=\"text-align: left;\"><span style=\"font-size: 20px; font-family: Montserrat;\">HAPPY DRILL basiert auf der <strong>True-Wifi<\/strong>-Technologie, und die Daten werden von den Sensoren ohne jegliche Verkabelung an den Controller gesendet. Dies erm\u00f6glicht ein H\u00f6chstma\u00df an Flexibilit\u00e4t und zum ersten Mal auch die <strong>Kontrolle Ihrer Arbeit aus der Ferne<\/strong>.<\/span><\/p>\n<p>[\/vc_column_text][\/vc_column_inner][\/vc_row_inner][vc_row_inner][vc_column_inner offset=&#8220;vc_hidden-lg vc_hidden-md vc_hidden-sm&#8220; css=&#8220;.vc_custom_1710498283423{padding-bottom: 40px !important;}&#8220;][vc_column_text css_animation=&#8220;fadeInUp&#8220;]<\/p>\n<h1 style=\"text-align: left;\"><span style=\"font-size: 36px; font-family: Montserrat;\"><strong>Echte Fernsteuerung<\/strong><\/span><\/h1>\n<p style=\"text-align: left;\"><span style=\"font-size: 16px; font-family: Montserrat;\">HAPPY DRILL basiert auf der <strong>True-Wifi<\/strong>-Technologie, und die Daten werden von den Sensoren ohne jegliche Verkabelung an den Controller gesendet. Dies erm\u00f6glicht ein H\u00f6chstma\u00df an Flexibilit\u00e4t und zum ersten Mal auch die <strong>Kontrolle Ihrer Arbeit aus der Ferne<\/strong>.<\/span><\/p>\n<p>[\/vc_column_text][\/vc_column_inner][\/vc_row_inner]<div class=\"single_image wpb_content_element align-center  animate image_box_rounded  \" data-animation=\"fade-in-from-bottom\" data-delay=\"0\"><img loading=\"lazy\" decoding=\"async\" width=\"2000\" height=\"1333\" src=\"https:\/\/www.happysurvey.ch\/wp-content\/uploads\/2022\/03\/05-Screen.jpg\" class=\"attachment-full\" alt=\"\" title=\"05 Screen\" srcset=\"https:\/\/www.happysurvey.ch\/wp-content\/uploads\/2022\/03\/05-Screen.jpg 2000w, https:\/\/www.happysurvey.ch\/wp-content\/uploads\/2022\/03\/05-Screen-300x200.jpg 300w, https:\/\/www.happysurvey.ch\/wp-content\/uploads\/2022\/03\/05-Screen-1024x682.jpg 1024w, https:\/\/www.happysurvey.ch\/wp-content\/uploads\/2022\/03\/05-Screen-768x512.jpg 768w, https:\/\/www.happysurvey.ch\/wp-content\/uploads\/2022\/03\/05-Screen-1536x1024.jpg 1536w, https:\/\/www.happysurvey.ch\/wp-content\/uploads\/2022\/03\/05-Screen-600x400.jpg 600w\" sizes=\"auto, (max-width: 2000px) 100vw, 2000px\" \/><\/div>[\/vc_column][\/vc_row][vc_row bg_color=&#8220;#0a0a0a&#8220; text_color=&#8220;light&#8220; top_padding=&#8220;80&#8243;][vc_column width=&#8220;1\/1&#8243;][vc_row_inner][vc_column_inner offset=&#8220;vc_hidden-xs&#8220;][vc_column_text css_animation=&#8220;slideInUp&#8220;]<\/p>\n<p style=\"text-align: left;\"><span style=\"font-family: 'Montserrat'; font-size: 28px;\">M\u00f6chten Sie mehr wissen? Vereinbaren sie eine <\/span><span style=\"color: #fad201; font-size: 28px;\"><a style=\"color: #fad201;\" href=\"#popmake-6830\">Demo mit uns<\/a><\/span>.<\/p>\n<p>[\/vc_column_text][\/vc_column_inner][\/vc_row_inner][vc_row_inner][vc_column_inner offset=&#8220;vc_hidden-lg vc_hidden-md vc_hidden-sm&#8220;][vc_column_text css_animation=&#8220;slideInUp&#8220;]<\/p>\n<p style=\"text-align: left;\"><span style=\"font-size: 20px;\"><span style=\"font-family: Montserrat;\">M\u00f6chten Sie mehr wissen? Vereinbaren sie eine <\/span><span style=\"color: #fad201;\"><a style=\"color: #fad201;\" href=\"#popmake-6830\">Demo mit uns<\/a><\/span>.<\/span><\/p>\n<p>[\/vc_column_text][\/vc_column_inner][\/vc_row_inner]<div class=\"divider divider9\" style='margin:80px 0 0 0 !important;'><\/div>[\/vc_column][\/vc_row]<\/p>\n<\/div>","protected":false},"excerpt":{"rendered":"<p>[vc_row bg_color=&#8220;#000000&#8243; text_color=&#8220;light&#8220; full_height=&#8220;true&#8220;][vc_column width=&#8220;1\/4&#8243;][\/vc_column][vc_column width=&#8220;1\/2&#8243;][vc_row_inner][vc_column_inner][\/vc_column_inner][\/vc_row_inner][\/vc_column][vc_column width=&#8220;1\/4&#8243;][\/vc_column][\/vc_row][vc_row bg_color=&#8220;#000000&#8243; text_color=&#8220;light&#8220; top_padding=&#8220;80&#8243; bottom_padding=&#8220;80&#8243;][vc_column width=&#8220;1\/1&#8243;][vc_row_inner][vc_column_inner offset=&#8220;vc_hidden-lg vc_hidden-md vc_hidden-sm&#8220;][vc_column_text css_animation=&#8220;fadeInUp&#8220;]HAPPY DRILL macht sich die Leistungsf\u00e4higkeit von HAPPY RTK zunutze, um eine einzigartige Anwendung zu schaffen. Dank der intelligenten Sensoren von HAPPY SURVEY sind die, Bohrsysteme schneller und genauer als je zuvor.[\/vc_column_text][\/vc_column_inner][\/vc_row_inner][vc_row_inner][vc_column_inner offset=&#8220;vc_hidden-xs&#8220; css=&#8220;.vc_custom_1710496642224{padding-top: 80px !important;padding-bottom: 80px !important;}&#8220;][vc_column_text css_animation=&#8220;fadeInUp&#8220;] HAPPY DRILL macht sich die Leistungsf\u00e4higkeit von HAPPY RTK zunutze, um eine einzigartige Anwendung zu schaffen. Dank der intelligenten Sensoren von HAPPY SURVEY sind die, Bohrsysteme schneller und genauer als je zuvor. [\/vc_column_text][\/vc_column_inner][\/vc_row_inner][\/vc_column][\/vc_row][vc_row type=&#8220;full_width_section&#8220; bg_color=&#8220;#000000&#8243; text_color=&#8220;light&#8220;][vc_column width=&#8220;1\/1&#8243;][vc_row_inner][vc_column_inner offset=&#8220;vc_hidden-lg vc_hidden-md vc_hidden-sm&#8220;][\/vc_column_inner][\/vc_row_inner][\/vc_column][\/vc_row][vc_row top_padding=&#8220;80&#8243; bottom_padding=&#8220;80&#8243;][vc_column width=&#8220;1\/1&#8243;][vc_row_inner][vc_column_inner offset=&#8220;vc_hidden-lg vc_hidden-md vc_hidden-sm&#8220;][vc_column_text css_animation=&#8220;fadeInUp&#8220;] Pr\u00e4zise und vielseitig Dank der Rechenleistung unserer Systeme und der Vielseitigkeit von HAPPY RTK messen wir mit \u00e4u\u00dferster Pr\u00e4zision die Position, Neigung und Tiefe jedes einzelnen Bohrpunktes. [\/vc_column_text][\/vc_column_inner][\/vc_row_inner][vc_row_inner][vc_column_inner offset=&#8220;vc_hidden-xs&#8220; css=&#8220;.vc_custom_1710499145833{padding-top: 80px !important;}&#8220;][vc_column_text css_animation=&#8220;fadeInUp&#8220;] Pr\u00e4zise und vielseitig Dank der Rechenleistung unserer Systeme und der Vielseitigkeit von HAPPY RTK messen wir mit \u00e4u\u00dferster Pr\u00e4zision die Position, Neigung und Tiefe jedes einzelnen Bohrpunktes. [\/vc_column_text][\/vc_column_inner][\/vc_row_inner][\/vc_column][\/vc_row][vc_row type=&#8220;full_width_section&#8220; bottom_padding=&#8220;80&#8243;][vc_column width=&#8220;1\/1&#8243;][vc_row_inner][vc_column_inner offset=&#8220;vc_hidden-xs&#8220;][\/vc_column_inner][\/vc_row_inner][vc_row_inner][vc_column_inner offset=&#8220;vc_hidden-lg vc_hidden-md vc_hidden-sm&#8220;][\/vc_column_inner][\/vc_row_inner][\/vc_column][\/vc_row][vc_row type=&#8220;full_width_section&#8220;][vc_column width=&#8220;1\/1&#8243;][\/vc_column][\/vc_row][vc_row top_padding=&#8220;80&#8243; bottom_padding=&#8220;80&#8243;][vc_column width=&#8220;1\/1&#8243;][vc_row_inner][vc_column_inner offset=&#8220;vc_hidden-xs&#8220; css=&#8220;.vc_custom_1710498171251{padding-top: 80px !important;padding-bottom: 80px !important;}&#8220;][vc_column_text css_animation=&#8220;fadeInUp&#8220;] Echte Fernsteuerung HAPPY DRILL basiert auf der True-Wifi-Technologie, und die Daten werden von den Sensoren ohne jegliche Verkabelung an [&hellip;]<\/p>\n","protected":false},"author":1,"featured_media":20554,"parent":15140,"menu_order":0,"comment_status":"closed","ping_status":"closed","template":"","meta":{"footnotes":""},"class_list":["post-8367","page","type-page","status-publish","has-post-thumbnail","hentry"],"yoast_head":"<!-- This site is optimized with the Yoast SEO plugin v24.6 - https:\/\/yoast.com\/wordpress\/plugins\/seo\/ -->\n<title>HAPPY DRILL | HAPPY SURVEY<\/title>\n<meta name=\"description\" content=\"HAPPY DRILL misst Tiefe, Neigung und Position beim Bohren \u2013 schnell, kabellos und vollst\u00e4ndig ferngesteuert per Wi-Fi\" \/>\n<meta name=\"robots\" content=\"index, follow, max-snippet:-1, max-image-preview:large, max-video-preview:-1\" \/>\n<link rel=\"canonical\" href=\"https:\/\/www.happysurvey.ch\/de\/software\/code\/happy-drill\/\" \/>\n<meta property=\"og:locale\" content=\"de_DE\" \/>\n<meta property=\"og:type\" content=\"article\" \/>\n<meta property=\"og:title\" content=\"HAPPY DRILL\" \/>\n<meta property=\"og:description\" content=\"HAPPY DRILL misst Tiefe, Neigung und Position beim Bohren \u2013 schnell, kabellos und vollst\u00e4ndig ferngesteuert per Wi-Fi.\" \/>\n<meta property=\"og:url\" content=\"https:\/\/www.happysurvey.ch\/de\/software\/code\/happy-drill\/\" \/>\n<meta property=\"og:site_name\" content=\"HAPPY SURVEY\" \/>\n<meta property=\"article:publisher\" content=\"https:\/\/www.facebook.com\/Happy-Survey-237150900351987\/\" \/>\n<meta property=\"article:modified_time\" content=\"2025-06-25T08:27:36+00:00\" \/>\n<meta property=\"og:image\" content=\"https:\/\/www.happysurvey.ch\/wp-content\/uploads\/2025\/06\/99.cover_-2.jpg\" \/>\n\t<meta property=\"og:image:width\" content=\"2000\" \/>\n\t<meta property=\"og:image:height\" content=\"2000\" \/>\n\t<meta property=\"og:image:type\" content=\"image\/jpeg\" \/>\n<meta name=\"twitter:card\" content=\"summary_large_image\" \/>\n<meta name=\"twitter:label1\" content=\"Gesch\u00e4tzte Lesezeit\" \/>\n\t<meta name=\"twitter:data1\" content=\"2\u00a0Minuten\" \/>\n<script type=\"application\/ld+json\" class=\"yoast-schema-graph\">{\"@context\":\"https:\/\/schema.org\",\"@graph\":[{\"@type\":\"WebPage\",\"@id\":\"https:\/\/www.happysurvey.ch\/de\/software\/code\/happy-drill\/\",\"url\":\"https:\/\/www.happysurvey.ch\/de\/software\/code\/happy-drill\/\",\"name\":\"HAPPY DRILL | HAPPY SURVEY\",\"isPartOf\":{\"@id\":\"https:\/\/www.happysurvey.ch\/#website\"},\"primaryImageOfPage\":{\"@id\":\"https:\/\/www.happysurvey.ch\/de\/software\/code\/happy-drill\/#primaryimage\"},\"image\":{\"@id\":\"https:\/\/www.happysurvey.ch\/de\/software\/code\/happy-drill\/#primaryimage\"},\"thumbnailUrl\":\"https:\/\/www.happysurvey.ch\/wp-content\/uploads\/2025\/06\/99.cover_-2.jpg\",\"datePublished\":\"2021-07-30T07:41:10+00:00\",\"dateModified\":\"2025-06-25T08:27:36+00:00\",\"description\":\"HAPPY DRILL misst Tiefe, Neigung und Position beim Bohren \u2013 schnell, kabellos und vollst\u00e4ndig ferngesteuert per Wi-Fi\",\"breadcrumb\":{\"@id\":\"https:\/\/www.happysurvey.ch\/de\/software\/code\/happy-drill\/#breadcrumb\"},\"inLanguage\":\"de\",\"potentialAction\":[{\"@type\":\"ReadAction\",\"target\":[\"https:\/\/www.happysurvey.ch\/de\/software\/code\/happy-drill\/\"]}]},{\"@type\":\"ImageObject\",\"inLanguage\":\"de\",\"@id\":\"https:\/\/www.happysurvey.ch\/de\/software\/code\/happy-drill\/#primaryimage\",\"url\":\"https:\/\/www.happysurvey.ch\/wp-content\/uploads\/2025\/06\/99.cover_-2.jpg\",\"contentUrl\":\"https:\/\/www.happysurvey.ch\/wp-content\/uploads\/2025\/06\/99.cover_-2.jpg\",\"width\":2000,\"height\":2000},{\"@type\":\"BreadcrumbList\",\"@id\":\"https:\/\/www.happysurvey.ch\/de\/software\/code\/happy-drill\/#breadcrumb\",\"itemListElement\":[{\"@type\":\"ListItem\",\"position\":1,\"name\":\"Home\",\"item\":\"https:\/\/www.happysurvey.ch\/de\/\"},{\"@type\":\"ListItem\",\"position\":2,\"name\":\"SOFTWARE\",\"item\":\"https:\/\/www.happysurvey.ch\/de\/software\/\"},{\"@type\":\"ListItem\",\"position\":3,\"name\":\"CODE\",\"item\":\"https:\/\/www.happysurvey.ch\/de\/software\/code\/\"},{\"@type\":\"ListItem\",\"position\":4,\"name\":\"HAPPY DRILL\"}]},{\"@type\":\"WebSite\",\"@id\":\"https:\/\/www.happysurvey.ch\/#website\",\"url\":\"https:\/\/www.happysurvey.ch\/\",\"name\":\"HAPPY SURVEY\",\"description\":\"High Precision Positioning\",\"publisher\":{\"@id\":\"https:\/\/www.happysurvey.ch\/#organization\"},\"potentialAction\":[{\"@type\":\"SearchAction\",\"target\":{\"@type\":\"EntryPoint\",\"urlTemplate\":\"https:\/\/www.happysurvey.ch\/?s={search_term_string}\"},\"query-input\":{\"@type\":\"PropertyValueSpecification\",\"valueRequired\":true,\"valueName\":\"search_term_string\"}}],\"inLanguage\":\"de\"},{\"@type\":\"Organization\",\"@id\":\"https:\/\/www.happysurvey.ch\/#organization\",\"name\":\"HAPPY SURVEY Sagl\",\"url\":\"https:\/\/www.happysurvey.ch\/\",\"logo\":{\"@type\":\"ImageObject\",\"inLanguage\":\"de\",\"@id\":\"https:\/\/www.happysurvey.ch\/#\/schema\/logo\/image\/\",\"url\":\"https:\/\/www.happysurvey.ch\/wp-content\/uploads\/2024\/10\/profile.jpg\",\"contentUrl\":\"https:\/\/www.happysurvey.ch\/wp-content\/uploads\/2024\/10\/profile.jpg\",\"width\":1644,\"height\":1096,\"caption\":\"HAPPY SURVEY Sagl\"},\"image\":{\"@id\":\"https:\/\/www.happysurvey.ch\/#\/schema\/logo\/image\/\"},\"sameAs\":[\"https:\/\/www.facebook.com\/Happy-Survey-237150900351987\/\",\"https:\/\/www.instagram.com\/happysurvey\/\",\"https:\/\/www.linkedin.com\/company\/happy-survey-sagl\/\"]}]}<\/script>\n<!-- \/ Yoast SEO plugin. -->","yoast_head_json":{"title":"HAPPY DRILL | HAPPY SURVEY","description":"HAPPY DRILL misst Tiefe, Neigung und Position beim Bohren \u2013 schnell, kabellos und vollst\u00e4ndig ferngesteuert per Wi-Fi","robots":{"index":"index","follow":"follow","max-snippet":"max-snippet:-1","max-image-preview":"max-image-preview:large","max-video-preview":"max-video-preview:-1"},"canonical":"https:\/\/www.happysurvey.ch\/de\/software\/code\/happy-drill\/","og_locale":"de_DE","og_type":"article","og_title":"HAPPY DRILL","og_description":"HAPPY DRILL misst Tiefe, Neigung und Position beim Bohren \u2013 schnell, kabellos und vollst\u00e4ndig ferngesteuert per Wi-Fi.","og_url":"https:\/\/www.happysurvey.ch\/de\/software\/code\/happy-drill\/","og_site_name":"HAPPY SURVEY","article_publisher":"https:\/\/www.facebook.com\/Happy-Survey-237150900351987\/","article_modified_time":"2025-06-25T08:27:36+00:00","og_image":[{"width":2000,"height":2000,"url":"https:\/\/www.happysurvey.ch\/wp-content\/uploads\/2025\/06\/99.cover_-2.jpg","type":"image\/jpeg"}],"twitter_card":"summary_large_image","twitter_misc":{"Gesch\u00e4tzte Lesezeit":"2\u00a0Minuten"},"schema":{"@context":"https:\/\/schema.org","@graph":[{"@type":"WebPage","@id":"https:\/\/www.happysurvey.ch\/de\/software\/code\/happy-drill\/","url":"https:\/\/www.happysurvey.ch\/de\/software\/code\/happy-drill\/","name":"HAPPY DRILL | HAPPY SURVEY","isPartOf":{"@id":"https:\/\/www.happysurvey.ch\/#website"},"primaryImageOfPage":{"@id":"https:\/\/www.happysurvey.ch\/de\/software\/code\/happy-drill\/#primaryimage"},"image":{"@id":"https:\/\/www.happysurvey.ch\/de\/software\/code\/happy-drill\/#primaryimage"},"thumbnailUrl":"https:\/\/www.happysurvey.ch\/wp-content\/uploads\/2025\/06\/99.cover_-2.jpg","datePublished":"2021-07-30T07:41:10+00:00","dateModified":"2025-06-25T08:27:36+00:00","description":"HAPPY DRILL misst Tiefe, Neigung und Position beim Bohren \u2013 schnell, kabellos und vollst\u00e4ndig ferngesteuert per Wi-Fi","breadcrumb":{"@id":"https:\/\/www.happysurvey.ch\/de\/software\/code\/happy-drill\/#breadcrumb"},"inLanguage":"de","potentialAction":[{"@type":"ReadAction","target":["https:\/\/www.happysurvey.ch\/de\/software\/code\/happy-drill\/"]}]},{"@type":"ImageObject","inLanguage":"de","@id":"https:\/\/www.happysurvey.ch\/de\/software\/code\/happy-drill\/#primaryimage","url":"https:\/\/www.happysurvey.ch\/wp-content\/uploads\/2025\/06\/99.cover_-2.jpg","contentUrl":"https:\/\/www.happysurvey.ch\/wp-content\/uploads\/2025\/06\/99.cover_-2.jpg","width":2000,"height":2000},{"@type":"BreadcrumbList","@id":"https:\/\/www.happysurvey.ch\/de\/software\/code\/happy-drill\/#breadcrumb","itemListElement":[{"@type":"ListItem","position":1,"name":"Home","item":"https:\/\/www.happysurvey.ch\/de\/"},{"@type":"ListItem","position":2,"name":"SOFTWARE","item":"https:\/\/www.happysurvey.ch\/de\/software\/"},{"@type":"ListItem","position":3,"name":"CODE","item":"https:\/\/www.happysurvey.ch\/de\/software\/code\/"},{"@type":"ListItem","position":4,"name":"HAPPY DRILL"}]},{"@type":"WebSite","@id":"https:\/\/www.happysurvey.ch\/#website","url":"https:\/\/www.happysurvey.ch\/","name":"HAPPY SURVEY","description":"High Precision Positioning","publisher":{"@id":"https:\/\/www.happysurvey.ch\/#organization"},"potentialAction":[{"@type":"SearchAction","target":{"@type":"EntryPoint","urlTemplate":"https:\/\/www.happysurvey.ch\/?s={search_term_string}"},"query-input":{"@type":"PropertyValueSpecification","valueRequired":true,"valueName":"search_term_string"}}],"inLanguage":"de"},{"@type":"Organization","@id":"https:\/\/www.happysurvey.ch\/#organization","name":"HAPPY SURVEY Sagl","url":"https:\/\/www.happysurvey.ch\/","logo":{"@type":"ImageObject","inLanguage":"de","@id":"https:\/\/www.happysurvey.ch\/#\/schema\/logo\/image\/","url":"https:\/\/www.happysurvey.ch\/wp-content\/uploads\/2024\/10\/profile.jpg","contentUrl":"https:\/\/www.happysurvey.ch\/wp-content\/uploads\/2024\/10\/profile.jpg","width":1644,"height":1096,"caption":"HAPPY SURVEY Sagl"},"image":{"@id":"https:\/\/www.happysurvey.ch\/#\/schema\/logo\/image\/"},"sameAs":["https:\/\/www.facebook.com\/Happy-Survey-237150900351987\/","https:\/\/www.instagram.com\/happysurvey\/","https:\/\/www.linkedin.com\/company\/happy-survey-sagl\/"]}]}},"_links":{"self":[{"href":"https:\/\/www.happysurvey.ch\/de\/wp-json\/wp\/v2\/pages\/8367","targetHints":{"allow":["GET"]}}],"collection":[{"href":"https:\/\/www.happysurvey.ch\/de\/wp-json\/wp\/v2\/pages"}],"about":[{"href":"https:\/\/www.happysurvey.ch\/de\/wp-json\/wp\/v2\/types\/page"}],"author":[{"embeddable":true,"href":"https:\/\/www.happysurvey.ch\/de\/wp-json\/wp\/v2\/users\/1"}],"replies":[{"embeddable":true,"href":"https:\/\/www.happysurvey.ch\/de\/wp-json\/wp\/v2\/comments?post=8367"}],"version-history":[{"count":18,"href":"https:\/\/www.happysurvey.ch\/de\/wp-json\/wp\/v2\/pages\/8367\/revisions"}],"predecessor-version":[{"id":17638,"href":"https:\/\/www.happysurvey.ch\/de\/wp-json\/wp\/v2\/pages\/8367\/revisions\/17638"}],"up":[{"embeddable":true,"href":"https:\/\/www.happysurvey.ch\/de\/wp-json\/wp\/v2\/pages\/15140"}],"wp:featuredmedia":[{"embeddable":true,"href":"https:\/\/www.happysurvey.ch\/de\/wp-json\/wp\/v2\/media\/20554"}],"wp:attachment":[{"href":"https:\/\/www.happysurvey.ch\/de\/wp-json\/wp\/v2\/media?parent=8367"}],"curies":[{"name":"wp","href":"https:\/\/api.w.org\/{rel}","templated":true}]}}