{"id":14077,"date":"2022-09-21T10:07:12","date_gmt":"2022-09-21T08:07:12","guid":{"rendered":"https:\/\/www.happysurvey.ch\/happy-rtk\/happy-nav\/"},"modified":"2025-07-03T11:03:38","modified_gmt":"2025-07-03T09:03:38","slug":"happy-nav","status":"publish","type":"page","link":"https:\/\/www.happysurvey.ch\/fr\/software\/code\/happy-nav\/","title":{"rendered":"HAPPY NAV"},"content":{"rendered":"<div class=\"wpb-content-wrapper\"><p>[vc_row bg_color=\u00a0\u00bb#000000&Prime; text_color=\u00a0\u00bblight\u00a0\u00bb full_height=\u00a0\u00bbtrue\u00a0\u00bb][vc_column width=\u00a0\u00bb1\/4&Prime;][\/vc_column][vc_column width=\u00a0\u00bb1\/2&Prime;][vc_row_inner][vc_column_inner]<div class=\"single_image wpb_content_element align-left  animate   \" data-animation=\"fade-in-from-bottom\" data-delay=\"0\"><img decoding=\"async\" src=\"https:\/\/www.happysurvey.ch\/wp-content\/uploads\/2024\/03\/01.happy_.nav_.svg\" class=\"attachment-full\" alt=\"\" title=\"01.happy.nav\" \/><\/div>[\/vc_column_inner][\/vc_row_inner][\/vc_column][vc_column width=\u00a0\u00bb1\/4&Prime;][\/vc_column][\/vc_row][vc_row bg_color=\u00a0\u00bb#000000&Prime; text_color=\u00a0\u00bblight\u00a0\u00bb top_padding=\u00a0\u00bb80&Prime; bottom_padding=\u00a0\u00bb80&Prime;][vc_column width=\u00a0\u00bb1\/1&Prime;][vc_row_inner][vc_column_inner offset=\u00a0\u00bbvc_hidden-lg vc_hidden-md vc_hidden-sm\u00a0\u00bb][vc_column_text css_animation=\u00a0\u00bbfadeInUp\u00a0\u00bb]<span style=\"font-size: 20px; font-family: Montserrat;\"><strong><span style=\"color: #fad201;\">HAPPY NAV<\/span> est un logiciel de navigation d\u00e9velopp\u00e9 pour maintenir les routes d\u00e9gag\u00e9es de la neige, id\u00e9al lorsque la visibilit\u00e9 est r\u00e9duite ou nulle.<\/strong><\/span><\/p>\n<p><span style=\"font-size: 20px; font-family: Montserrat;\"><strong>En utilisant les algorithmes de HAPPY RTK, nous calculons la position de la chauss\u00e9e avec une tr\u00e8s grande pr\u00e9cision, pour que vous puissiez<\/strong><\/span><strong style=\"font-family: Montserrat; font-size: 20px;\"><span style=\"color: #fad201;\">\u00a0travailler en toute s\u00e9curit\u00e9<\/span>.<\/strong>[\/vc_column_text][\/vc_column_inner][\/vc_row_inner][vc_row_inner][vc_column_inner offset=\u00a0\u00bbvc_hidden-xs\u00a0\u00bb css=\u00a0\u00bb.vc_custom_1710516249261{padding-top: 80px !important;padding-bottom: 80px !important;}\u00a0\u00bb][vc_column_text css_animation=\u00a0\u00bbfadeInUp\u00a0\u00bb]<\/p>\n<h2><span style=\"font-family: Montserrat; font-size: 40px;\"><strong><span style=\"color: #fad201;\">HAPPY NAV<\/span> est un logiciel de navigation d\u00e9velopp\u00e9 pour maintenir les routes d\u00e9gag\u00e9es de la neige, id\u00e9al lorsque la visibilit\u00e9 est r\u00e9duite ou nulle.<\/strong><\/span><\/h2>\n<h2><span style=\"font-family: Montserrat; font-size: 40px;\"><strong>En utilisant les algorithmes de HAPPY RTK, nous calculons la position de la chauss\u00e9e avec une tr\u00e8s grande pr\u00e9cision, pour que vous puissiez<\/strong><\/span><strong style=\"font-family: Montserrat; font-size: 40px;\"><span style=\"color: #fad201;\">\u00a0travailler en toute s\u00e9curit\u00e9<\/span>.<\/strong><\/h2>\n<p>[\/vc_column_text][\/vc_column_inner][\/vc_row_inner][\/vc_column][\/vc_row][vc_row top_padding=\u00a0\u00bb80&Prime; bottom_padding=\u00a0\u00bb80&Prime;][vc_column width=\u00a0\u00bb1\/1&Prime;][vc_row_inner][vc_column_inner offset=\u00a0\u00bbvc_hidden-xs\u00a0\u00bb css=\u00a0\u00bb.vc_custom_1710516385098{padding-top: 80px !important;padding-bottom: 80px !important;}\u00a0\u00bb][vc_column_text css_animation=\u00a0\u00bbfadeInUp\u00a0\u00bb]<\/p>\n<h1 style=\"text-align: left;\"><span style=\"font-size: 60px; font-family: Montserrat;\"><strong>Interface intuitive<\/strong><\/span><\/h1>\n<p><span style=\"font-family: Montserrat; font-size: 20px;\">L\u2019interface de HAPPY NAV a \u00e9t\u00e9 <strong>d\u00e9velopp\u00e9e pour les professionnels<\/strong> qui doivent faire face \u00e0 des situations difficiles et accident\u00e9es tous les jours ; il n\u2019y a pas de temps pour interpr\u00e9ter des signes \u00e9tranges sur la tablette.<\/span><\/p>\n<p><span style=\"font-family: Montserrat; font-size: 20px;\">C\u2019est pourquoi nous avons cr\u00e9\u00e9 <strong>un syst\u00e8me simple et intuitif<\/strong> qui vous permettra de savoir imm\u00e9diatement si vous naviguez correctement sur l\u2019itin\u00e9raire<\/span><span style=\"font-family: Montserrat; font-size: 20px;\">.<\/span><br \/>\n[\/vc_column_text][\/vc_column_inner][\/vc_row_inner][vc_row_inner][vc_column_inner offset=\u00a0\u00bbvc_hidden-lg vc_hidden-md vc_hidden-sm\u00a0\u00bb css=\u00a0\u00bb.vc_custom_1710516374856{padding-bottom: 40px !important;}\u00a0\u00bb][vc_column_text css_animation=\u00a0\u00bbfadeInUp\u00a0\u00bb]<\/p>\n<h1 style=\"text-align: left;\"><span style=\"font-size: 36px; font-family: Montserrat;\"><strong>Interface intuitive<\/strong><\/span><\/h1>\n<p><span style=\"font-family: Montserrat; font-size: 16px;\">L\u2019interface de HAPPY NAV a \u00e9t\u00e9 <strong>d\u00e9velopp\u00e9e pour les professionnels<\/strong> qui doivent faire face \u00e0 des situations difficiles et accident\u00e9es tous les jours ; il n\u2019y a pas de temps pour interpr\u00e9ter des signes \u00e9tranges sur la tablette.<\/span><\/p>\n<p><span style=\"font-family: Montserrat; font-size: 16px;\">C\u2019est pourquoi nous avons cr\u00e9\u00e9 <strong>un syst\u00e8me simple et intuitif<\/strong> qui vous permettra de savoir imm\u00e9diatement si vous naviguez correctement sur l\u2019itin\u00e9raire<\/span><span style=\"font-family: Montserrat;\">.<\/span><br \/>\n[\/vc_column_text][\/vc_column_inner][\/vc_row_inner]<div class=\"minti_carousel  grab-false dots\" data-columns=\"3\" data-tabletcolumns=\"3\" data-nav=\"false\" data-pagination=\"false\" data-autoplay=\"false\" data-animationtime=\"4000\"><div class=\"single_image wpb_content_element align-center  animate image_box_rounded  \" data-animation=\"fade-in-from-bottom\" data-delay=\"0\"><img loading=\"lazy\" decoding=\"async\" width=\"873\" height=\"1500\" src=\"https:\/\/www.happysurvey.ch\/wp-content\/uploads\/2024\/03\/02.green_.jpg\" class=\"attachment-full\" alt=\"\" title=\"02.green\" srcset=\"https:\/\/www.happysurvey.ch\/wp-content\/uploads\/2024\/03\/02.green_.jpg 873w, https:\/\/www.happysurvey.ch\/wp-content\/uploads\/2024\/03\/02.green_-175x300.jpg 175w, https:\/\/www.happysurvey.ch\/wp-content\/uploads\/2024\/03\/02.green_-596x1024.jpg 596w, https:\/\/www.happysurvey.ch\/wp-content\/uploads\/2024\/03\/02.green_-768x1320.jpg 768w\" sizes=\"auto, (max-width: 873px) 100vw, 873px\" \/><\/div><div class=\"single_image wpb_content_element align-center  animate image_box_rounded  \" data-animation=\"fade-in-from-bottom\" data-delay=\"0\"><img loading=\"lazy\" decoding=\"async\" width=\"873\" height=\"1500\" src=\"https:\/\/www.happysurvey.ch\/wp-content\/uploads\/2024\/03\/02.yellow.jpg\" class=\"attachment-full\" alt=\"\" title=\"02.yellow\" srcset=\"https:\/\/www.happysurvey.ch\/wp-content\/uploads\/2024\/03\/02.yellow.jpg 873w, https:\/\/www.happysurvey.ch\/wp-content\/uploads\/2024\/03\/02.yellow-175x300.jpg 175w, https:\/\/www.happysurvey.ch\/wp-content\/uploads\/2024\/03\/02.yellow-596x1024.jpg 596w, https:\/\/www.happysurvey.ch\/wp-content\/uploads\/2024\/03\/02.yellow-768x1320.jpg 768w\" sizes=\"auto, (max-width: 873px) 100vw, 873px\" \/><\/div><div class=\"single_image wpb_content_element align-center  animate image_box_rounded  \" data-animation=\"fade-in-from-bottom\" data-delay=\"0\"><img loading=\"lazy\" decoding=\"async\" width=\"873\" height=\"1500\" src=\"https:\/\/www.happysurvey.ch\/wp-content\/uploads\/2024\/03\/02.red_.jpg\" class=\"attachment-full\" alt=\"\" title=\"02.red\" srcset=\"https:\/\/www.happysurvey.ch\/wp-content\/uploads\/2024\/03\/02.red_.jpg 873w, https:\/\/www.happysurvey.ch\/wp-content\/uploads\/2024\/03\/02.red_-175x300.jpg 175w, https:\/\/www.happysurvey.ch\/wp-content\/uploads\/2024\/03\/02.red_-596x1024.jpg 596w, https:\/\/www.happysurvey.ch\/wp-content\/uploads\/2024\/03\/02.red_-768x1320.jpg 768w\" sizes=\"auto, (max-width: 873px) 100vw, 873px\" \/><\/div><\/div>[vc_row_inner][vc_column_inner offset=\u00a0\u00bbvc_hidden-xs\u00a0\u00bb]<div class=\"spacer\" style=\"height: 80px;\"><\/div>[\/vc_column_inner][\/vc_row_inner][\/vc_column][\/vc_row][vc_row type=\u00a0\u00bbfull_width_section\u00a0\u00bb bg_color=\u00a0\u00bb#ffffff\u00a0\u00bb][vc_column width=\u00a0\u00bb1\/1&Prime;]<div class=\"single_image wpb_content_element align-left  animate   \" data-animation=\"fade-in-from-bottom\" data-delay=\"0\"><img loading=\"lazy\" decoding=\"async\" width=\"2000\" height=\"917\" src=\"https:\/\/www.happysurvey.ch\/wp-content\/uploads\/2024\/02\/HAPPY-CODE.jpg\" class=\"attachment-full\" alt=\"\" title=\"HAPPY CODE\" srcset=\"https:\/\/www.happysurvey.ch\/wp-content\/uploads\/2024\/02\/HAPPY-CODE.jpg 2000w, https:\/\/www.happysurvey.ch\/wp-content\/uploads\/2024\/02\/HAPPY-CODE-300x138.jpg 300w, https:\/\/www.happysurvey.ch\/wp-content\/uploads\/2024\/02\/HAPPY-CODE-1024x470.jpg 1024w, https:\/\/www.happysurvey.ch\/wp-content\/uploads\/2024\/02\/HAPPY-CODE-768x352.jpg 768w, https:\/\/www.happysurvey.ch\/wp-content\/uploads\/2024\/02\/HAPPY-CODE-1536x704.jpg 1536w\" sizes=\"auto, (max-width: 2000px) 100vw, 2000px\" \/><\/div>[\/vc_column][\/vc_row][vc_row bg_color=\u00a0\u00bb#ffffff\u00a0\u00bb bottom_padding=\u00a0\u00bb80&Prime;][vc_column width=\u00a0\u00bb1\/1&Prime;][vc_row_inner][vc_column_inner offset=\u00a0\u00bbvc_hidden-lg vc_hidden-md vc_hidden-sm\u00a0\u00bb][vc_column_text css_animation=\u00a0\u00bbfadeInUp\u00a0\u00bb]<\/p>\n<h1><span style=\"font-family: Montserrat; font-size: 36px;\"><strong>La vraie pr\u00e9cision !<\/strong><\/span><\/h1>\n<p><span style=\"font-family: Montserrat; font-size: 16px;\">Le syst\u00e8me HAPPY NAV n\u2019a rien \u00e0 voir avec les syst\u00e8mes normaux de navigation par satellite qui permettent une pr\u00e9cision de 3 \u00e0 5 m\u00e8tres. Le logiciel HAPPY SURVEY, utilisant des capteurs multi-fr\u00e9quences, peut garantir une <strong>pr\u00e9cision de moins de 10 cm en temps r\u00e9el<\/strong>.<\/span><\/p>\n<p><span style=\"font-family: Montserrat; font-size: 16px;\">Cela fait toute la diff\u00e9rence du monde lors de la conduite dans des <strong>espaces compl\u00e8tement enneig\u00e9s<\/strong> et o\u00f9 la visibilit\u00e9 est r\u00e9duite.<\/span><br \/>\n[\/vc_column_text][\/vc_column_inner][\/vc_row_inner][vc_row_inner][vc_column_inner offset=\u00a0\u00bbvc_hidden-xs\u00a0\u00bb css=\u00a0\u00bb.vc_custom_1710517639445{padding-top: 80px !important;padding-bottom: 80px !important;}\u00a0\u00bb][vc_column_text css_animation=\u00a0\u00bbfadeInUp\u00a0\u00bb]<\/p>\n<h1 style=\"text-align: left;\"><span style=\"font-family: Montserrat; font-size: 60px;\"><strong>La vraie pr\u00e9cision !<\/strong><\/span><\/h1>\n<p><span style=\"font-family: Montserrat; font-size: 20px;\">Le syst\u00e8me HAPPY NAV n\u2019a rien \u00e0 voir avec les syst\u00e8mes normaux de navigation par satellite qui permettent une pr\u00e9cision de 3 \u00e0 5 m\u00e8tres. Le logiciel HAPPY SURVEY, utilisant des capteurs multi-fr\u00e9quences, peut garantir une <strong>pr\u00e9cision de moins de 10 cm en temps r\u00e9el<\/strong>.<\/span><\/p>\n<p><span style=\"font-family: Montserrat; font-size: 20px;\">Cela fait toute la diff\u00e9rence du monde lors de la conduite dans des <strong>espaces compl\u00e8tement enneig\u00e9s<\/strong> et o\u00f9 la visibilit\u00e9 est r\u00e9duite.<\/span><br \/>\n[\/vc_column_text][\/vc_column_inner][\/vc_row_inner][\/vc_column][\/vc_row][vc_row bg_color=\u00a0\u00bb#0a0a0a\u00a0\u00bb text_color=\u00a0\u00bblight\u00a0\u00bb top_padding=\u00a0\u00bb80&Prime;][vc_column width=\u00a0\u00bb1\/1&Prime;][vc_row_inner][vc_column_inner offset=\u00a0\u00bbvc_hidden-xs\u00a0\u00bb][vc_column_text css_animation=\u00a0\u00bbslideInUp\u00a0\u00bb]<span style=\"font-family: Montserrat; font-size: 28px;\">Vous voulez en savoir plus ? R\u00e9servez une <span style=\"color: #fad201;\"><a class=\"pum-trigger\" style=\"color: #fad201;\" href=\"mailto:info@happysurvey.ch\">d\u00e9monstration en direct<\/a><\/span><\/span>[\/vc_column_text][\/vc_column_inner][\/vc_row_inner][vc_row_inner][vc_column_inner offset=\u00a0\u00bbvc_hidden-lg vc_hidden-md vc_hidden-sm\u00a0\u00bb][vc_column_text css_animation=\u00a0\u00bbslideInUp\u00a0\u00bb]<span style=\"font-family: Montserrat; font-size: 20px;\">Vous voulez en savoir plus ? R\u00e9servez une<span style=\"color: #fad201;\">\u00a0<a class=\"pum-trigger\" style=\"color: #fad201;\" href=\"mailto:info@happysurvey.ch\">d\u00e9monstration en direct<\/a><\/span><\/span>[\/vc_column_text][\/vc_column_inner][\/vc_row_inner]<div class=\"divider divider9\" style='margin:80px 0 0 0 !important;'><\/div>[\/vc_column][\/vc_row]<\/p>\n<\/div>","protected":false},"excerpt":{"rendered":"<p>[vc_row bg_color=\u00a0\u00bb#000000&Prime; text_color=\u00a0\u00bblight\u00a0\u00bb full_height=\u00a0\u00bbtrue\u00a0\u00bb][vc_column width=\u00a0\u00bb1\/4&Prime;][\/vc_column][vc_column width=\u00a0\u00bb1\/2&Prime;][vc_row_inner][vc_column_inner][\/vc_column_inner][\/vc_row_inner][\/vc_column][vc_column width=\u00a0\u00bb1\/4&Prime;][\/vc_column][\/vc_row][vc_row bg_color=\u00a0\u00bb#000000&Prime; text_color=\u00a0\u00bblight\u00a0\u00bb top_padding=\u00a0\u00bb80&Prime; bottom_padding=\u00a0\u00bb80&Prime;][vc_column width=\u00a0\u00bb1\/1&Prime;][vc_row_inner][vc_column_inner offset=\u00a0\u00bbvc_hidden-lg vc_hidden-md vc_hidden-sm\u00a0\u00bb][vc_column_text css_animation=\u00a0\u00bbfadeInUp\u00a0\u00bb]HAPPY NAV est un logiciel de navigation d\u00e9velopp\u00e9 pour maintenir les routes d\u00e9gag\u00e9es de la neige, id\u00e9al lorsque la visibilit\u00e9 est r\u00e9duite ou nulle. En utilisant les algorithmes de HAPPY RTK, nous calculons la position de la chauss\u00e9e avec une tr\u00e8s grande pr\u00e9cision, pour que vous puissiez\u00a0travailler en toute s\u00e9curit\u00e9.[\/vc_column_text][\/vc_column_inner][\/vc_row_inner][vc_row_inner][vc_column_inner offset=\u00a0\u00bbvc_hidden-xs\u00a0\u00bb css=\u00a0\u00bb.vc_custom_1710516249261{padding-top: 80px !important;padding-bottom: 80px !important;}\u00a0\u00bb][vc_column_text css_animation=\u00a0\u00bbfadeInUp\u00a0\u00bb] HAPPY NAV est un logiciel de navigation d\u00e9velopp\u00e9 pour maintenir les routes d\u00e9gag\u00e9es de la neige, id\u00e9al lorsque la visibilit\u00e9 est r\u00e9duite ou nulle. En utilisant les algorithmes de HAPPY RTK, nous calculons la position de la chauss\u00e9e avec une tr\u00e8s grande pr\u00e9cision, pour que vous puissiez\u00a0travailler en toute s\u00e9curit\u00e9. [\/vc_column_text][\/vc_column_inner][\/vc_row_inner][\/vc_column][\/vc_row][vc_row top_padding=\u00a0\u00bb80&Prime; bottom_padding=\u00a0\u00bb80&Prime;][vc_column width=\u00a0\u00bb1\/1&Prime;][vc_row_inner][vc_column_inner offset=\u00a0\u00bbvc_hidden-xs\u00a0\u00bb css=\u00a0\u00bb.vc_custom_1710516385098{padding-top: 80px !important;padding-bottom: 80px !important;}\u00a0\u00bb][vc_column_text css_animation=\u00a0\u00bbfadeInUp\u00a0\u00bb] Interface intuitive L\u2019interface de HAPPY NAV a \u00e9t\u00e9 d\u00e9velopp\u00e9e pour les professionnels qui doivent faire face \u00e0 des situations difficiles et accident\u00e9es tous les jours ; il n\u2019y a pas de temps pour interpr\u00e9ter des signes \u00e9tranges sur la tablette. C\u2019est pourquoi nous avons cr\u00e9\u00e9 un syst\u00e8me simple et intuitif qui vous permettra de savoir imm\u00e9diatement si vous naviguez correctement sur l\u2019itin\u00e9raire. [\/vc_column_text][\/vc_column_inner][\/vc_row_inner][vc_row_inner][vc_column_inner offset=\u00a0\u00bbvc_hidden-lg vc_hidden-md vc_hidden-sm\u00a0\u00bb css=\u00a0\u00bb.vc_custom_1710516374856{padding-bottom: [&hellip;]<\/p>\n","protected":false},"author":1,"featured_media":20571,"parent":15131,"menu_order":0,"comment_status":"closed","ping_status":"closed","template":"","meta":{"footnotes":""},"class_list":["post-14077","page","type-page","status-publish","has-post-thumbnail","hentry"],"yoast_head":"<!-- This site is optimized with the Yoast SEO plugin v24.6 - https:\/\/yoast.com\/wordpress\/plugins\/seo\/ -->\n<title>HAPPY NAV | HAPPY SURVEY<\/title>\n<meta name=\"description\" content=\"HAPPY NAV assure un guidage centim\u00e9trique m\u00eame par visibilit\u00e9 nulle. Un outil clair et fiable pour affronter les conditions les plus dures\" \/>\n<meta name=\"robots\" content=\"index, follow, max-snippet:-1, max-image-preview:large, max-video-preview:-1\" \/>\n<link rel=\"canonical\" href=\"https:\/\/www.happysurvey.ch\/fr\/software\/code\/happy-nav\/\" \/>\n<meta property=\"og:locale\" content=\"fr_FR\" \/>\n<meta property=\"og:type\" content=\"article\" \/>\n<meta property=\"og:title\" content=\"HAPPY NAV\" \/>\n<meta property=\"og:description\" content=\"HAPPY NAV assure un guidage centim\u00e9trique m\u00eame par visibilit\u00e9 nulle. Un outil clair et fiable pour affronter les conditions les plus dures.\" \/>\n<meta property=\"og:url\" content=\"https:\/\/www.happysurvey.ch\/fr\/software\/code\/happy-nav\/\" \/>\n<meta property=\"og:site_name\" content=\"HAPPY SURVEY\" \/>\n<meta property=\"article:publisher\" content=\"https:\/\/www.facebook.com\/Happy-Survey-237150900351987\/\" \/>\n<meta property=\"article:modified_time\" content=\"2025-07-03T09:03:38+00:00\" \/>\n<meta property=\"og:image\" content=\"https:\/\/www.happysurvey.ch\/wp-content\/uploads\/2025\/06\/99.cover_-3.jpg\" \/>\n\t<meta property=\"og:image:width\" content=\"2000\" \/>\n\t<meta property=\"og:image:height\" content=\"2000\" \/>\n\t<meta property=\"og:image:type\" content=\"image\/jpeg\" \/>\n<meta name=\"twitter:card\" content=\"summary_large_image\" \/>\n<meta name=\"twitter:label1\" content=\"Dur\u00e9e de lecture estim\u00e9e\" \/>\n\t<meta name=\"twitter:data1\" content=\"4 minutes\" \/>\n<script type=\"application\/ld+json\" class=\"yoast-schema-graph\">{\"@context\":\"https:\/\/schema.org\",\"@graph\":[{\"@type\":\"WebPage\",\"@id\":\"https:\/\/www.happysurvey.ch\/fr\/software\/code\/happy-nav\/\",\"url\":\"https:\/\/www.happysurvey.ch\/fr\/software\/code\/happy-nav\/\",\"name\":\"HAPPY NAV | HAPPY SURVEY\",\"isPartOf\":{\"@id\":\"https:\/\/www.happysurvey.ch\/#website\"},\"primaryImageOfPage\":{\"@id\":\"https:\/\/www.happysurvey.ch\/fr\/software\/code\/happy-nav\/#primaryimage\"},\"image\":{\"@id\":\"https:\/\/www.happysurvey.ch\/fr\/software\/code\/happy-nav\/#primaryimage\"},\"thumbnailUrl\":\"https:\/\/www.happysurvey.ch\/wp-content\/uploads\/2025\/06\/99.cover_-3.jpg\",\"datePublished\":\"2022-09-21T08:07:12+00:00\",\"dateModified\":\"2025-07-03T09:03:38+00:00\",\"description\":\"HAPPY NAV assure un guidage centim\u00e9trique m\u00eame par visibilit\u00e9 nulle. Un outil clair et fiable pour affronter les conditions les plus dures\",\"breadcrumb\":{\"@id\":\"https:\/\/www.happysurvey.ch\/fr\/software\/code\/happy-nav\/#breadcrumb\"},\"inLanguage\":\"fr-FR\",\"potentialAction\":[{\"@type\":\"ReadAction\",\"target\":[\"https:\/\/www.happysurvey.ch\/fr\/software\/code\/happy-nav\/\"]}]},{\"@type\":\"ImageObject\",\"inLanguage\":\"fr-FR\",\"@id\":\"https:\/\/www.happysurvey.ch\/fr\/software\/code\/happy-nav\/#primaryimage\",\"url\":\"https:\/\/www.happysurvey.ch\/wp-content\/uploads\/2025\/06\/99.cover_-3.jpg\",\"contentUrl\":\"https:\/\/www.happysurvey.ch\/wp-content\/uploads\/2025\/06\/99.cover_-3.jpg\",\"width\":2000,\"height\":2000},{\"@type\":\"BreadcrumbList\",\"@id\":\"https:\/\/www.happysurvey.ch\/fr\/software\/code\/happy-nav\/#breadcrumb\",\"itemListElement\":[{\"@type\":\"ListItem\",\"position\":1,\"name\":\"Home\",\"item\":\"https:\/\/www.happysurvey.ch\/fr\/\"},{\"@type\":\"ListItem\",\"position\":2,\"name\":\"SOFTWARE\",\"item\":\"https:\/\/www.happysurvey.ch\/fr\/software\/\"},{\"@type\":\"ListItem\",\"position\":3,\"name\":\"CODE\",\"item\":\"https:\/\/www.happysurvey.ch\/fr\/software\/code\/\"},{\"@type\":\"ListItem\",\"position\":4,\"name\":\"HAPPY NAV\"}]},{\"@type\":\"WebSite\",\"@id\":\"https:\/\/www.happysurvey.ch\/#website\",\"url\":\"https:\/\/www.happysurvey.ch\/\",\"name\":\"HAPPY SURVEY\",\"description\":\"High precision positioning\",\"publisher\":{\"@id\":\"https:\/\/www.happysurvey.ch\/#organization\"},\"potentialAction\":[{\"@type\":\"SearchAction\",\"target\":{\"@type\":\"EntryPoint\",\"urlTemplate\":\"https:\/\/www.happysurvey.ch\/?s={search_term_string}\"},\"query-input\":{\"@type\":\"PropertyValueSpecification\",\"valueRequired\":true,\"valueName\":\"search_term_string\"}}],\"inLanguage\":\"fr-FR\"},{\"@type\":\"Organization\",\"@id\":\"https:\/\/www.happysurvey.ch\/#organization\",\"name\":\"HAPPY SURVEY Sagl\",\"url\":\"https:\/\/www.happysurvey.ch\/\",\"logo\":{\"@type\":\"ImageObject\",\"inLanguage\":\"fr-FR\",\"@id\":\"https:\/\/www.happysurvey.ch\/#\/schema\/logo\/image\/\",\"url\":\"https:\/\/www.happysurvey.ch\/wp-content\/uploads\/2024\/10\/profile.jpg\",\"contentUrl\":\"https:\/\/www.happysurvey.ch\/wp-content\/uploads\/2024\/10\/profile.jpg\",\"width\":1644,\"height\":1096,\"caption\":\"HAPPY SURVEY Sagl\"},\"image\":{\"@id\":\"https:\/\/www.happysurvey.ch\/#\/schema\/logo\/image\/\"},\"sameAs\":[\"https:\/\/www.facebook.com\/Happy-Survey-237150900351987\/\",\"https:\/\/www.instagram.com\/happysurvey\/\",\"https:\/\/www.linkedin.com\/company\/happy-survey-sagl\/\"]}]}<\/script>\n<!-- \/ Yoast SEO plugin. -->","yoast_head_json":{"title":"HAPPY NAV | HAPPY SURVEY","description":"HAPPY NAV assure un guidage centim\u00e9trique m\u00eame par visibilit\u00e9 nulle. Un outil clair et fiable pour affronter les conditions les plus dures","robots":{"index":"index","follow":"follow","max-snippet":"max-snippet:-1","max-image-preview":"max-image-preview:large","max-video-preview":"max-video-preview:-1"},"canonical":"https:\/\/www.happysurvey.ch\/fr\/software\/code\/happy-nav\/","og_locale":"fr_FR","og_type":"article","og_title":"HAPPY NAV","og_description":"HAPPY NAV assure un guidage centim\u00e9trique m\u00eame par visibilit\u00e9 nulle. Un outil clair et fiable pour affronter les conditions les plus dures.","og_url":"https:\/\/www.happysurvey.ch\/fr\/software\/code\/happy-nav\/","og_site_name":"HAPPY SURVEY","article_publisher":"https:\/\/www.facebook.com\/Happy-Survey-237150900351987\/","article_modified_time":"2025-07-03T09:03:38+00:00","og_image":[{"width":2000,"height":2000,"url":"https:\/\/www.happysurvey.ch\/wp-content\/uploads\/2025\/06\/99.cover_-3.jpg","type":"image\/jpeg"}],"twitter_card":"summary_large_image","twitter_misc":{"Dur\u00e9e de lecture estim\u00e9e":"4 minutes"},"schema":{"@context":"https:\/\/schema.org","@graph":[{"@type":"WebPage","@id":"https:\/\/www.happysurvey.ch\/fr\/software\/code\/happy-nav\/","url":"https:\/\/www.happysurvey.ch\/fr\/software\/code\/happy-nav\/","name":"HAPPY NAV | HAPPY SURVEY","isPartOf":{"@id":"https:\/\/www.happysurvey.ch\/#website"},"primaryImageOfPage":{"@id":"https:\/\/www.happysurvey.ch\/fr\/software\/code\/happy-nav\/#primaryimage"},"image":{"@id":"https:\/\/www.happysurvey.ch\/fr\/software\/code\/happy-nav\/#primaryimage"},"thumbnailUrl":"https:\/\/www.happysurvey.ch\/wp-content\/uploads\/2025\/06\/99.cover_-3.jpg","datePublished":"2022-09-21T08:07:12+00:00","dateModified":"2025-07-03T09:03:38+00:00","description":"HAPPY NAV assure un guidage centim\u00e9trique m\u00eame par visibilit\u00e9 nulle. Un outil clair et fiable pour affronter les conditions les plus dures","breadcrumb":{"@id":"https:\/\/www.happysurvey.ch\/fr\/software\/code\/happy-nav\/#breadcrumb"},"inLanguage":"fr-FR","potentialAction":[{"@type":"ReadAction","target":["https:\/\/www.happysurvey.ch\/fr\/software\/code\/happy-nav\/"]}]},{"@type":"ImageObject","inLanguage":"fr-FR","@id":"https:\/\/www.happysurvey.ch\/fr\/software\/code\/happy-nav\/#primaryimage","url":"https:\/\/www.happysurvey.ch\/wp-content\/uploads\/2025\/06\/99.cover_-3.jpg","contentUrl":"https:\/\/www.happysurvey.ch\/wp-content\/uploads\/2025\/06\/99.cover_-3.jpg","width":2000,"height":2000},{"@type":"BreadcrumbList","@id":"https:\/\/www.happysurvey.ch\/fr\/software\/code\/happy-nav\/#breadcrumb","itemListElement":[{"@type":"ListItem","position":1,"name":"Home","item":"https:\/\/www.happysurvey.ch\/fr\/"},{"@type":"ListItem","position":2,"name":"SOFTWARE","item":"https:\/\/www.happysurvey.ch\/fr\/software\/"},{"@type":"ListItem","position":3,"name":"CODE","item":"https:\/\/www.happysurvey.ch\/fr\/software\/code\/"},{"@type":"ListItem","position":4,"name":"HAPPY NAV"}]},{"@type":"WebSite","@id":"https:\/\/www.happysurvey.ch\/#website","url":"https:\/\/www.happysurvey.ch\/","name":"HAPPY SURVEY","description":"High precision positioning","publisher":{"@id":"https:\/\/www.happysurvey.ch\/#organization"},"potentialAction":[{"@type":"SearchAction","target":{"@type":"EntryPoint","urlTemplate":"https:\/\/www.happysurvey.ch\/?s={search_term_string}"},"query-input":{"@type":"PropertyValueSpecification","valueRequired":true,"valueName":"search_term_string"}}],"inLanguage":"fr-FR"},{"@type":"Organization","@id":"https:\/\/www.happysurvey.ch\/#organization","name":"HAPPY SURVEY Sagl","url":"https:\/\/www.happysurvey.ch\/","logo":{"@type":"ImageObject","inLanguage":"fr-FR","@id":"https:\/\/www.happysurvey.ch\/#\/schema\/logo\/image\/","url":"https:\/\/www.happysurvey.ch\/wp-content\/uploads\/2024\/10\/profile.jpg","contentUrl":"https:\/\/www.happysurvey.ch\/wp-content\/uploads\/2024\/10\/profile.jpg","width":1644,"height":1096,"caption":"HAPPY SURVEY Sagl"},"image":{"@id":"https:\/\/www.happysurvey.ch\/#\/schema\/logo\/image\/"},"sameAs":["https:\/\/www.facebook.com\/Happy-Survey-237150900351987\/","https:\/\/www.instagram.com\/happysurvey\/","https:\/\/www.linkedin.com\/company\/happy-survey-sagl\/"]}]}},"_links":{"self":[{"href":"https:\/\/www.happysurvey.ch\/fr\/wp-json\/wp\/v2\/pages\/14077","targetHints":{"allow":["GET"]}}],"collection":[{"href":"https:\/\/www.happysurvey.ch\/fr\/wp-json\/wp\/v2\/pages"}],"about":[{"href":"https:\/\/www.happysurvey.ch\/fr\/wp-json\/wp\/v2\/types\/page"}],"author":[{"embeddable":true,"href":"https:\/\/www.happysurvey.ch\/fr\/wp-json\/wp\/v2\/users\/1"}],"replies":[{"embeddable":true,"href":"https:\/\/www.happysurvey.ch\/fr\/wp-json\/wp\/v2\/comments?post=14077"}],"version-history":[{"count":15,"href":"https:\/\/www.happysurvey.ch\/fr\/wp-json\/wp\/v2\/pages\/14077\/revisions"}],"predecessor-version":[{"id":20931,"href":"https:\/\/www.happysurvey.ch\/fr\/wp-json\/wp\/v2\/pages\/14077\/revisions\/20931"}],"up":[{"embeddable":true,"href":"https:\/\/www.happysurvey.ch\/fr\/wp-json\/wp\/v2\/pages\/15131"}],"wp:featuredmedia":[{"embeddable":true,"href":"https:\/\/www.happysurvey.ch\/fr\/wp-json\/wp\/v2\/media\/20571"}],"wp:attachment":[{"href":"https:\/\/www.happysurvey.ch\/fr\/wp-json\/wp\/v2\/media?parent=14077"}],"curies":[{"name":"wp","href":"https:\/\/api.w.org\/{rel}","templated":true}]}}