{"id":21661,"date":"2025-10-03T09:49:51","date_gmt":"2025-10-03T07:49:51","guid":{"rendered":"https:\/\/www.happysurvey.ch\/specifications\/"},"modified":"2025-10-05T12:44:01","modified_gmt":"2025-10-05T10:44:01","slug":"specifications","status":"publish","type":"page","link":"https:\/\/www.happysurvey.ch\/fr\/gnss-rtk\/triton\/specifications\/","title":{"rendered":"Sp\u00e9cifications"},"content":{"rendered":"<div class=\"wpb-content-wrapper\"><p>[vc_row bg_color=\u00a0\u00bb#0a0a0a\u00a0\u00bb text_color=\u00a0\u00bblight\u00a0\u00bb top_padding=\u00a0\u00bb120&Prime;][vc_column][vc_column_text]<\/p>\n<p style=\"text-align: right;\"><span style=\"font-family: Montserrat;\"><span style=\"color: #fad201;\"><a style=\"color: #fad201;\" href=\"http:\/\/www.happysurvey.ch\/fr\/gnss-rtk\/triton\/\">Vue d\u2019ensemble<\/a><\/span>\u00a0 \u00a0 \u00a0 Sp\u00e9cifications<\/span><\/p>\n<p>[\/vc_column_text][\/vc_column][\/vc_row][vc_row bg_color=\u00a0\u00bb#0a0a0a\u00a0\u00bb text_color=\u00a0\u00bblight\u00a0\u00bb top_padding=\u00a0\u00bb160&Prime;][vc_column width=\u00a0\u00bb1\/1&Prime;]<div class=\"single_image wpb_content_element align-left  animate   \" data-animation=\"fade-in-from-bottom\" data-delay=\"0\"><img decoding=\"async\" class=\"\" src=\"https:\/\/www.happysurvey.ch\/wp-content\/uploads\/2025\/09\/happy.triton-315x130.png\" width=\"315\" height=\"130\" alt=\"happy.triton\" title=\"happy.triton\" loading=\"lazy\" \/><\/div>[\/vc_column][\/vc_row][vc_row bg_color=\u00a0\u00bb#0a0a0a\u00a0\u00bb text_color=\u00a0\u00bblight\u00a0\u00bb][vc_column width=\u00a0\u00bb1\/1&Prime;]<div class=\"divider divider1\" style='margin:40px 0 40px 0 !important;'><\/div>[vc_row_inner][vc_column_inner width=\u00a0\u00bb1\/3&Prime;][vc_column_text]<span style=\"font-size: 20px; font-family: Montserrat;\"><strong>Performances du GNSS<\/strong><\/span>[\/vc_column_text][\/vc_column_inner][vc_column_inner width=\u00a0\u00bb1\/3&Prime;][vc_column_text]<strong>Canaux<\/strong><br \/>\n1408[\/vc_column_text][vc_column_text]<strong>GPS<\/strong><br \/>\nL1 &#8211; L2 &#8211; L5[\/vc_column_text][vc_column_text]<strong>GALILEO<\/strong><br \/>\nE1 &#8211; E5A &#8211; E5B[\/vc_column_text][vc_column_text]<strong>D\u00e9marrage \u00e0 froid<br \/>\n<\/strong>&lt;60s[\/vc_column_text][vc_column_text]<b>Mise \u00e0 jour de la position<br \/>\n<\/b>1-50Hz[\/vc_column_text][vc_column_text]<b>Initialisation RTK<br \/>\n<\/b>&lt;10s[\/vc_column_text][vc_column_text]<strong>IMU<\/strong><br \/>\n0-60\u00b0[\/vc_column_text][\/vc_column_inner][vc_column_inner width=\u00a0\u00bb1\/3&Prime;][vc_column_text]<b>Pr\u00e9cision temporelle<br \/>\n<\/b>20ns[\/vc_column_text][vc_column_text]<b>GLONASS<br \/>\n<\/b>L1 &#8211; L2 &#8211; L5[\/vc_column_text][vc_column_text]<b>BEIDOU<br \/>\n<\/b>B1 &#8211; B2 &#8211; B3[\/vc_column_text][vc_column_text]<strong>D\u00e9marrage rapide<\/strong><br \/>\n&lt;15s[\/vc_column_text][vc_column_text]<b>R\u00e9acquisition du signal<br \/>\n<\/b>&lt;1s[\/vc_column_text][vc_column_text]<b>Fiabilit\u00e9 de l\u2019initialisation<br \/>\n<\/b>&gt;99.99%[\/vc_column_text][vc_column_text]<b>Filtre multipath<br \/>\n<\/b>Oui[\/vc_column_text][\/vc_column_inner][\/vc_row_inner]<div class=\"divider divider1\" style='margin:40px 0 40px 0 !important;'><\/div>[vc_row_inner][vc_column_inner width=\u00a0\u00bb1\/3&Prime;][vc_column_text]<span style=\"font-size: 20px; font-family: Montserrat;\"><strong>Pr\u00e9cision<\/strong><\/span>[\/vc_column_text][\/vc_column_inner][vc_column_inner width=\u00a0\u00bb1\/3&Prime;][vc_column_text]<strong>Horizontal<\/strong><br \/>\n\u00b18mm +1ppm[\/vc_column_text][\/vc_column_inner][vc_column_inner width=\u00a0\u00bb1\/3&Prime;][vc_column_text]<strong>Vertical<\/strong><br \/>\n\u00b115mm +1ppm[\/vc_column_text][\/vc_column_inner][\/vc_row_inner]<div class=\"divider divider1\" style='margin:40px 0 40px 0 !important;'><\/div>[vc_row_inner][vc_column_inner width=\u00a0\u00bb1\/3&Prime;][vc_column_text]<span style=\"font-size: 20px; font-family: Montserrat;\"><strong>Sp\u00e9cifications physiques<\/strong><\/span>[\/vc_column_text][\/vc_column_inner][vc_column_inner width=\u00a0\u00bb1\/3&Prime;][vc_column_text]<strong>Dimensions (H\u00d7\u00d8)<\/strong><br \/>\n69\u00d7102mm[\/vc_column_text][vc_column_text]<strong>Capacit\u00e9 de la batterie<br \/>\n<\/strong>5000mAh[\/vc_column_text][vc_column_text]<strong>Temp\u00e9rature de fonctionnement<br \/>\n<\/strong>-40\u00b0C \u00e0 75\u00b0C[\/vc_column_text][vc_column_text]<b>Mat\u00e9riel<br \/>\n<\/b>Alliage de magn\u00e9sium[\/vc_column_text][vc_column_text]<strong>R\u00e9sistance aux chocs<\/strong><br \/>\nSurvit \u00e0 une chute de 2 m\u00e8tres sur du b\u00e9ton[\/vc_column_text][\/vc_column_inner][vc_column_inner width=\u00a0\u00bb1\/3&Prime;][vc_column_text]<strong>Poids (avec batterie)<\/strong><br \/>\n500g[\/vc_column_text][vc_column_text]<strong>Autonomie<\/strong><br \/>\n&gt;12h[\/vc_column_text][vc_column_text]<strong>Temp\u00e9rature de stockage<\/strong><br \/>\n-55\u00b0C \u00e0 85\u00b0C[\/vc_column_text][vc_column_text]<strong>Indice de protection<\/strong><br \/>\nIP67[\/vc_column_text][vc_column_text]<strong>Humidit\u00e9<\/strong><br \/>\n100% sans condensation[\/vc_column_text][\/vc_column_inner][\/vc_row_inner]<div class=\"divider divider1\" style='margin:40px 0 40px 0 !important;'><\/div>[vc_row_inner][vc_column_inner width=\u00a0\u00bb1\/3&Prime;][vc_column_text]<span style=\"font-size: 20px; font-family: Montserrat;\"><strong>R\u00e9seau et connectivit\u00e9<\/strong><\/span>[\/vc_column_text][\/vc_column_inner][vc_column_inner width=\u00a0\u00bb1\/3&Prime;][vc_column_text]<b>Port d\u2019entr\u00e9e\/sortie<br \/>\n<\/b>USB-C[\/vc_column_text][vc_column_text]<b>Cellulaire<br \/>\n<\/b>4G[\/vc_column_text][vc_column_text]<strong>Bluetooth<br \/>\n<\/strong>Bluetooth 5.2 Classical\/BLE double-mode[\/vc_column_text][\/vc_column_inner][vc_column_inner width=\u00a0\u00bb1\/3&Prime;][vc_column_text]<b>Radio<br \/>\n<\/b>Oui[\/vc_column_text][vc_column_text]<b>Wi-fi<br \/>\n<\/b>802.11 b\/g[\/vc_column_text][vc_column_text]<b>Stockage<br \/>\n<\/b>64Gb[\/vc_column_text][\/vc_column_inner][\/vc_row_inner]<div class=\"divider divider9\" style='margin:80px 0 0 0 !important;'><\/div>[\/vc_column][\/vc_row]<\/p>\n<\/div>","protected":false},"excerpt":{"rendered":"<p>[vc_row bg_color=\u00a0\u00bb#0a0a0a\u00a0\u00bb text_color=\u00a0\u00bblight\u00a0\u00bb top_padding=\u00a0\u00bb120&Prime;][vc_column][vc_column_text] Vue d\u2019ensemble\u00a0 \u00a0 \u00a0 Sp\u00e9cifications [\/vc_column_text][\/vc_column][\/vc_row][vc_row bg_color=\u00a0\u00bb#0a0a0a\u00a0\u00bb text_color=\u00a0\u00bblight\u00a0\u00bb top_padding=\u00a0\u00bb160&Prime;][vc_column width=\u00a0\u00bb1\/1&Prime;][\/vc_column][\/vc_row][vc_row bg_color=\u00a0\u00bb#0a0a0a\u00a0\u00bb text_color=\u00a0\u00bblight\u00a0\u00bb][vc_column width=\u00a0\u00bb1\/1&Prime;][vc_row_inner][vc_column_inner width=\u00a0\u00bb1\/3&Prime;][vc_column_text]Performances du GNSS[\/vc_column_text][\/vc_column_inner][vc_column_inner width=\u00a0\u00bb1\/3&Prime;][vc_column_text]Canaux 1408[\/vc_column_text][vc_column_text]GPS L1 &#8211; L2 &#8211; L5[\/vc_column_text][vc_column_text]GALILEO E1 &#8211; E5A &#8211; E5B[\/vc_column_text][vc_column_text]D\u00e9marrage \u00e0 froid &lt;60s[\/vc_column_text][vc_column_text]Mise \u00e0 jour de la position 1-50Hz[\/vc_column_text][vc_column_text]Initialisation RTK &lt;10s[\/vc_column_text][vc_column_text]IMU 0-60\u00b0[\/vc_column_text][\/vc_column_inner][vc_column_inner width=\u00a0\u00bb1\/3&Prime;][vc_column_text]Pr\u00e9cision temporelle 20ns[\/vc_column_text][vc_column_text]GLONASS L1 &#8211; L2 &#8211; L5[\/vc_column_text][vc_column_text]BEIDOU B1 &#8211; B2 &#8211; B3[\/vc_column_text][vc_column_text]D\u00e9marrage rapide &lt;15s[\/vc_column_text][vc_column_text]R\u00e9acquisition du signal &lt;1s[\/vc_column_text][vc_column_text]Fiabilit\u00e9 de l\u2019initialisation &gt;99.99%[\/vc_column_text][vc_column_text]Filtre multipath Oui[\/vc_column_text][\/vc_column_inner][\/vc_row_inner][vc_row_inner][vc_column_inner width=\u00a0\u00bb1\/3&Prime;][vc_column_text]Pr\u00e9cision[\/vc_column_text][\/vc_column_inner][vc_column_inner width=\u00a0\u00bb1\/3&Prime;][vc_column_text]Horizontal \u00b18mm +1ppm[\/vc_column_text][\/vc_column_inner][vc_column_inner width=\u00a0\u00bb1\/3&Prime;][vc_column_text]Vertical \u00b115mm +1ppm[\/vc_column_text][\/vc_column_inner][\/vc_row_inner][vc_row_inner][vc_column_inner width=\u00a0\u00bb1\/3&Prime;][vc_column_text]Sp\u00e9cifications physiques[\/vc_column_text][\/vc_column_inner][vc_column_inner width=\u00a0\u00bb1\/3&Prime;][vc_column_text]Dimensions (H\u00d7\u00d8) 69\u00d7102mm[\/vc_column_text][vc_column_text]Capacit\u00e9 de la batterie 5000mAh[\/vc_column_text][vc_column_text]Temp\u00e9rature de fonctionnement -40\u00b0C \u00e0 75\u00b0C[\/vc_column_text][vc_column_text]Mat\u00e9riel Alliage de magn\u00e9sium[\/vc_column_text][vc_column_text]R\u00e9sistance aux chocs Survit \u00e0 une chute de 2 m\u00e8tres sur du b\u00e9ton[\/vc_column_text][\/vc_column_inner][vc_column_inner width=\u00a0\u00bb1\/3&Prime;][vc_column_text]Poids (avec batterie) 500g[\/vc_column_text][vc_column_text]Autonomie &gt;12h[\/vc_column_text][vc_column_text]Temp\u00e9rature de stockage -55\u00b0C \u00e0 85\u00b0C[\/vc_column_text][vc_column_text]Indice de protection IP67[\/vc_column_text][vc_column_text]Humidit\u00e9 100% sans condensation[\/vc_column_text][\/vc_column_inner][\/vc_row_inner][vc_row_inner][vc_column_inner width=\u00a0\u00bb1\/3&Prime;][vc_column_text]R\u00e9seau et connectivit\u00e9[\/vc_column_text][\/vc_column_inner][vc_column_inner width=\u00a0\u00bb1\/3&Prime;][vc_column_text]Port d\u2019entr\u00e9e\/sortie USB-C[\/vc_column_text][vc_column_text]Cellulaire 4G[\/vc_column_text][vc_column_text]Bluetooth Bluetooth 5.2 Classical\/BLE double-mode[\/vc_column_text][\/vc_column_inner][vc_column_inner width=\u00a0\u00bb1\/3&Prime;][vc_column_text]Radio Oui[\/vc_column_text][vc_column_text]Wi-fi 802.11 b\/g[\/vc_column_text][vc_column_text]Stockage 64Gb[\/vc_column_text][\/vc_column_inner][\/vc_row_inner][\/vc_column][\/vc_row]<\/p>\n","protected":false},"author":1,"featured_media":0,"parent":21732,"menu_order":0,"comment_status":"closed","ping_status":"closed","template":"","meta":{"footnotes":""},"class_list":["post-21661","page","type-page","status-publish","hentry"],"yoast_head":"<!-- This site is optimized with the Yoast SEO plugin v24.6 - https:\/\/yoast.com\/wordpress\/plugins\/seo\/ -->\n<title>Sp\u00e9cifications | HAPPY SURVEY<\/title>\n<meta name=\"robots\" content=\"index, follow, max-snippet:-1, max-image-preview:large, max-video-preview:-1\" \/>\n<link rel=\"canonical\" href=\"https:\/\/www.happysurvey.ch\/fr\/gnss-rtk\/triton\/specifications\/\" \/>\n<meta property=\"og:locale\" content=\"fr_FR\" \/>\n<meta property=\"og:type\" content=\"article\" \/>\n<meta property=\"og:title\" content=\"Sp\u00e9cifications | HAPPY SURVEY\" \/>\n<meta property=\"og:description\" content=\"[vc_row bg_color=\u00a0\u00bb#0a0a0a\u00a0\u00bb text_color=\u00a0\u00bblight\u00a0\u00bb top_padding=\u00a0\u00bb120&Prime;][vc_column][vc_column_text] Vue d\u2019ensemble\u00a0 \u00a0 \u00a0 Sp\u00e9cifications [\/vc_column_text][\/vc_column][\/vc_row][vc_row bg_color=\u00a0\u00bb#0a0a0a\u00a0\u00bb text_color=\u00a0\u00bblight\u00a0\u00bb top_padding=\u00a0\u00bb160&Prime;][vc_column width=\u00a0\u00bb1\/1&Prime;][\/vc_column][\/vc_row][vc_row bg_color=\u00a0\u00bb#0a0a0a\u00a0\u00bb text_color=\u00a0\u00bblight\u00a0\u00bb][vc_column width=\u00a0\u00bb1\/1&Prime;][vc_row_inner][vc_column_inner width=\u00a0\u00bb1\/3&Prime;][vc_column_text]Performances du GNSS[\/vc_column_text][\/vc_column_inner][vc_column_inner width=\u00a0\u00bb1\/3&Prime;][vc_column_text]Canaux 1408[\/vc_column_text][vc_column_text]GPS L1 &#8211; L2 &#8211; L5[\/vc_column_text][vc_column_text]GALILEO E1 &#8211; E5A &#8211; E5B[\/vc_column_text][vc_column_text]D\u00e9marrage \u00e0 froid &lt;60s[\/vc_column_text][vc_column_text]Mise \u00e0 jour de la position 1-50Hz[\/vc_column_text][vc_column_text]Initialisation RTK &lt;10s[\/vc_column_text][vc_column_text]IMU 0-60\u00b0[\/vc_column_text][\/vc_column_inner][vc_column_inner width=\u00a0\u00bb1\/3&Prime;][vc_column_text]Pr\u00e9cision temporelle 20ns[\/vc_column_text][vc_column_text]GLONASS L1 &#8211; L2 &#8211; L5[\/vc_column_text][vc_column_text]BEIDOU B1 &#8211; B2 &#8211; B3[\/vc_column_text][vc_column_text]D\u00e9marrage rapide &lt;15s[\/vc_column_text][vc_column_text]R\u00e9acquisition du signal &lt;1s[\/vc_column_text][vc_column_text]Fiabilit\u00e9 de l\u2019initialisation &gt;99.99%[\/vc_column_text][vc_column_text]Filtre multipath Oui[\/vc_column_text][\/vc_column_inner][\/vc_row_inner][vc_row_inner][vc_column_inner width=\u00a0\u00bb1\/3&Prime;][vc_column_text]Pr\u00e9cision[\/vc_column_text][\/vc_column_inner][vc_column_inner width=\u00a0\u00bb1\/3&Prime;][vc_column_text]Horizontal \u00b18mm +1ppm[\/vc_column_text][\/vc_column_inner][vc_column_inner width=\u00a0\u00bb1\/3&Prime;][vc_column_text]Vertical \u00b115mm +1ppm[\/vc_column_text][\/vc_column_inner][\/vc_row_inner][vc_row_inner][vc_column_inner width=\u00a0\u00bb1\/3&Prime;][vc_column_text]Sp\u00e9cifications physiques[\/vc_column_text][\/vc_column_inner][vc_column_inner width=\u00a0\u00bb1\/3&Prime;][vc_column_text]Dimensions (H\u00d7\u00d8) 69\u00d7102mm[\/vc_column_text][vc_column_text]Capacit\u00e9 de la batterie 5000mAh[\/vc_column_text][vc_column_text]Temp\u00e9rature de fonctionnement -40\u00b0C \u00e0 75\u00b0C[\/vc_column_text][vc_column_text]Mat\u00e9riel Alliage de magn\u00e9sium[\/vc_column_text][vc_column_text]R\u00e9sistance aux chocs Survit \u00e0 une chute de 2 m\u00e8tres sur du b\u00e9ton[\/vc_column_text][\/vc_column_inner][vc_column_inner width=\u00a0\u00bb1\/3&Prime;][vc_column_text]Poids (avec batterie) 500g[\/vc_column_text][vc_column_text]Autonomie &gt;12h[\/vc_column_text][vc_column_text]Temp\u00e9rature de stockage -55\u00b0C \u00e0 85\u00b0C[\/vc_column_text][vc_column_text]Indice de protection IP67[\/vc_column_text][vc_column_text]Humidit\u00e9 100% sans condensation[\/vc_column_text][\/vc_column_inner][\/vc_row_inner][vc_row_inner][vc_column_inner width=\u00a0\u00bb1\/3&Prime;][vc_column_text]R\u00e9seau et connectivit\u00e9[\/vc_column_text][\/vc_column_inner][vc_column_inner width=\u00a0\u00bb1\/3&Prime;][vc_column_text]Port d\u2019entr\u00e9e\/sortie USB-C[\/vc_column_text][vc_column_text]Cellulaire 4G[\/vc_column_text][vc_column_text]Bluetooth Bluetooth 5.2 Classical\/BLE double-mode[\/vc_column_text][\/vc_column_inner][vc_column_inner width=\u00a0\u00bb1\/3&Prime;][vc_column_text]Radio Oui[\/vc_column_text][vc_column_text]Wi-fi 802.11 b\/g[\/vc_column_text][vc_column_text]Stockage 64Gb[\/vc_column_text][\/vc_column_inner][\/vc_row_inner][\/vc_column][\/vc_row]\" \/>\n<meta property=\"og:url\" content=\"https:\/\/www.happysurvey.ch\/fr\/gnss-rtk\/triton\/specifications\/\" \/>\n<meta property=\"og:site_name\" content=\"HAPPY SURVEY\" \/>\n<meta property=\"article:publisher\" content=\"https:\/\/www.facebook.com\/Happy-Survey-237150900351987\/\" \/>\n<meta property=\"article:modified_time\" content=\"2025-10-05T10:44:01+00:00\" \/>\n<meta property=\"og:image\" content=\"https:\/\/www.happysurvey.ch\/wp-content\/uploads\/2024\/10\/profile.jpg\" \/>\n\t<meta property=\"og:image:width\" content=\"1644\" \/>\n\t<meta property=\"og:image:height\" content=\"1096\" \/>\n\t<meta property=\"og:image:type\" content=\"image\/jpeg\" \/>\n<meta name=\"twitter:card\" content=\"summary_large_image\" \/>\n<meta name=\"twitter:label1\" content=\"Dur\u00e9e de lecture estim\u00e9e\" \/>\n\t<meta name=\"twitter:data1\" content=\"2 minutes\" \/>\n<script type=\"application\/ld+json\" class=\"yoast-schema-graph\">{\"@context\":\"https:\/\/schema.org\",\"@graph\":[{\"@type\":\"WebPage\",\"@id\":\"https:\/\/www.happysurvey.ch\/fr\/gnss-rtk\/triton\/specifications\/\",\"url\":\"https:\/\/www.happysurvey.ch\/fr\/gnss-rtk\/triton\/specifications\/\",\"name\":\"Sp\u00e9cifications | HAPPY SURVEY\",\"isPartOf\":{\"@id\":\"https:\/\/www.happysurvey.ch\/#website\"},\"datePublished\":\"2025-10-03T07:49:51+00:00\",\"dateModified\":\"2025-10-05T10:44:01+00:00\",\"breadcrumb\":{\"@id\":\"https:\/\/www.happysurvey.ch\/fr\/gnss-rtk\/triton\/specifications\/#breadcrumb\"},\"inLanguage\":\"fr-FR\",\"potentialAction\":[{\"@type\":\"ReadAction\",\"target\":[\"https:\/\/www.happysurvey.ch\/fr\/gnss-rtk\/triton\/specifications\/\"]}]},{\"@type\":\"BreadcrumbList\",\"@id\":\"https:\/\/www.happysurvey.ch\/fr\/gnss-rtk\/triton\/specifications\/#breadcrumb\",\"itemListElement\":[{\"@type\":\"ListItem\",\"position\":1,\"name\":\"Home\",\"item\":\"https:\/\/www.happysurvey.ch\/fr\/\"},{\"@type\":\"ListItem\",\"position\":2,\"name\":\"GNSS RTK\",\"item\":\"https:\/\/www.happysurvey.ch\/fr\/gnss-rtk\/\"},{\"@type\":\"ListItem\",\"position\":3,\"name\":\"TRITON\",\"item\":\"https:\/\/www.happysurvey.ch\/fr\/gnss-rtk\/triton\/\"},{\"@type\":\"ListItem\",\"position\":4,\"name\":\"Sp\u00e9cifications\"}]},{\"@type\":\"WebSite\",\"@id\":\"https:\/\/www.happysurvey.ch\/#website\",\"url\":\"https:\/\/www.happysurvey.ch\/\",\"name\":\"HAPPY SURVEY\",\"description\":\"High precision positioning\",\"publisher\":{\"@id\":\"https:\/\/www.happysurvey.ch\/#organization\"},\"potentialAction\":[{\"@type\":\"SearchAction\",\"target\":{\"@type\":\"EntryPoint\",\"urlTemplate\":\"https:\/\/www.happysurvey.ch\/?s={search_term_string}\"},\"query-input\":{\"@type\":\"PropertyValueSpecification\",\"valueRequired\":true,\"valueName\":\"search_term_string\"}}],\"inLanguage\":\"fr-FR\"},{\"@type\":\"Organization\",\"@id\":\"https:\/\/www.happysurvey.ch\/#organization\",\"name\":\"HAPPY SURVEY Sagl\",\"url\":\"https:\/\/www.happysurvey.ch\/\",\"logo\":{\"@type\":\"ImageObject\",\"inLanguage\":\"fr-FR\",\"@id\":\"https:\/\/www.happysurvey.ch\/#\/schema\/logo\/image\/\",\"url\":\"https:\/\/www.happysurvey.ch\/wp-content\/uploads\/2024\/10\/profile.jpg\",\"contentUrl\":\"https:\/\/www.happysurvey.ch\/wp-content\/uploads\/2024\/10\/profile.jpg\",\"width\":1644,\"height\":1096,\"caption\":\"HAPPY SURVEY Sagl\"},\"image\":{\"@id\":\"https:\/\/www.happysurvey.ch\/#\/schema\/logo\/image\/\"},\"sameAs\":[\"https:\/\/www.facebook.com\/Happy-Survey-237150900351987\/\",\"https:\/\/www.instagram.com\/happysurvey\/\",\"https:\/\/www.linkedin.com\/company\/happy-survey-sagl\/\"]}]}<\/script>\n<!-- \/ Yoast SEO plugin. -->","yoast_head_json":{"title":"Sp\u00e9cifications | HAPPY SURVEY","robots":{"index":"index","follow":"follow","max-snippet":"max-snippet:-1","max-image-preview":"max-image-preview:large","max-video-preview":"max-video-preview:-1"},"canonical":"https:\/\/www.happysurvey.ch\/fr\/gnss-rtk\/triton\/specifications\/","og_locale":"fr_FR","og_type":"article","og_title":"Sp\u00e9cifications | HAPPY SURVEY","og_description":"[vc_row bg_color=\u00a0\u00bb#0a0a0a\u00a0\u00bb text_color=\u00a0\u00bblight\u00a0\u00bb top_padding=\u00a0\u00bb120&Prime;][vc_column][vc_column_text] Vue d\u2019ensemble\u00a0 \u00a0 \u00a0 Sp\u00e9cifications [\/vc_column_text][\/vc_column][\/vc_row][vc_row bg_color=\u00a0\u00bb#0a0a0a\u00a0\u00bb text_color=\u00a0\u00bblight\u00a0\u00bb top_padding=\u00a0\u00bb160&Prime;][vc_column width=\u00a0\u00bb1\/1&Prime;][\/vc_column][\/vc_row][vc_row bg_color=\u00a0\u00bb#0a0a0a\u00a0\u00bb text_color=\u00a0\u00bblight\u00a0\u00bb][vc_column width=\u00a0\u00bb1\/1&Prime;][vc_row_inner][vc_column_inner width=\u00a0\u00bb1\/3&Prime;][vc_column_text]Performances du GNSS[\/vc_column_text][\/vc_column_inner][vc_column_inner width=\u00a0\u00bb1\/3&Prime;][vc_column_text]Canaux 1408[\/vc_column_text][vc_column_text]GPS L1 &#8211; L2 &#8211; L5[\/vc_column_text][vc_column_text]GALILEO E1 &#8211; E5A &#8211; E5B[\/vc_column_text][vc_column_text]D\u00e9marrage \u00e0 froid &lt;60s[\/vc_column_text][vc_column_text]Mise \u00e0 jour de la position 1-50Hz[\/vc_column_text][vc_column_text]Initialisation RTK &lt;10s[\/vc_column_text][vc_column_text]IMU 0-60\u00b0[\/vc_column_text][\/vc_column_inner][vc_column_inner width=\u00a0\u00bb1\/3&Prime;][vc_column_text]Pr\u00e9cision temporelle 20ns[\/vc_column_text][vc_column_text]GLONASS L1 &#8211; L2 &#8211; L5[\/vc_column_text][vc_column_text]BEIDOU B1 &#8211; B2 &#8211; B3[\/vc_column_text][vc_column_text]D\u00e9marrage rapide &lt;15s[\/vc_column_text][vc_column_text]R\u00e9acquisition du signal &lt;1s[\/vc_column_text][vc_column_text]Fiabilit\u00e9 de l\u2019initialisation &gt;99.99%[\/vc_column_text][vc_column_text]Filtre multipath Oui[\/vc_column_text][\/vc_column_inner][\/vc_row_inner][vc_row_inner][vc_column_inner width=\u00a0\u00bb1\/3&Prime;][vc_column_text]Pr\u00e9cision[\/vc_column_text][\/vc_column_inner][vc_column_inner width=\u00a0\u00bb1\/3&Prime;][vc_column_text]Horizontal \u00b18mm +1ppm[\/vc_column_text][\/vc_column_inner][vc_column_inner width=\u00a0\u00bb1\/3&Prime;][vc_column_text]Vertical \u00b115mm +1ppm[\/vc_column_text][\/vc_column_inner][\/vc_row_inner][vc_row_inner][vc_column_inner width=\u00a0\u00bb1\/3&Prime;][vc_column_text]Sp\u00e9cifications physiques[\/vc_column_text][\/vc_column_inner][vc_column_inner width=\u00a0\u00bb1\/3&Prime;][vc_column_text]Dimensions (H\u00d7\u00d8) 69\u00d7102mm[\/vc_column_text][vc_column_text]Capacit\u00e9 de la batterie 5000mAh[\/vc_column_text][vc_column_text]Temp\u00e9rature de fonctionnement -40\u00b0C \u00e0 75\u00b0C[\/vc_column_text][vc_column_text]Mat\u00e9riel Alliage de magn\u00e9sium[\/vc_column_text][vc_column_text]R\u00e9sistance aux chocs Survit \u00e0 une chute de 2 m\u00e8tres sur du b\u00e9ton[\/vc_column_text][\/vc_column_inner][vc_column_inner width=\u00a0\u00bb1\/3&Prime;][vc_column_text]Poids (avec batterie) 500g[\/vc_column_text][vc_column_text]Autonomie &gt;12h[\/vc_column_text][vc_column_text]Temp\u00e9rature de stockage -55\u00b0C \u00e0 85\u00b0C[\/vc_column_text][vc_column_text]Indice de protection IP67[\/vc_column_text][vc_column_text]Humidit\u00e9 100% sans condensation[\/vc_column_text][\/vc_column_inner][\/vc_row_inner][vc_row_inner][vc_column_inner width=\u00a0\u00bb1\/3&Prime;][vc_column_text]R\u00e9seau et connectivit\u00e9[\/vc_column_text][\/vc_column_inner][vc_column_inner width=\u00a0\u00bb1\/3&Prime;][vc_column_text]Port d\u2019entr\u00e9e\/sortie USB-C[\/vc_column_text][vc_column_text]Cellulaire 4G[\/vc_column_text][vc_column_text]Bluetooth Bluetooth 5.2 Classical\/BLE double-mode[\/vc_column_text][\/vc_column_inner][vc_column_inner width=\u00a0\u00bb1\/3&Prime;][vc_column_text]Radio Oui[\/vc_column_text][vc_column_text]Wi-fi 802.11 b\/g[\/vc_column_text][vc_column_text]Stockage 64Gb[\/vc_column_text][\/vc_column_inner][\/vc_row_inner][\/vc_column][\/vc_row]","og_url":"https:\/\/www.happysurvey.ch\/fr\/gnss-rtk\/triton\/specifications\/","og_site_name":"HAPPY SURVEY","article_publisher":"https:\/\/www.facebook.com\/Happy-Survey-237150900351987\/","article_modified_time":"2025-10-05T10:44:01+00:00","og_image":[{"width":1644,"height":1096,"url":"https:\/\/www.happysurvey.ch\/wp-content\/uploads\/2024\/10\/profile.jpg","type":"image\/jpeg"}],"twitter_card":"summary_large_image","twitter_misc":{"Dur\u00e9e de lecture estim\u00e9e":"2 minutes"},"schema":{"@context":"https:\/\/schema.org","@graph":[{"@type":"WebPage","@id":"https:\/\/www.happysurvey.ch\/fr\/gnss-rtk\/triton\/specifications\/","url":"https:\/\/www.happysurvey.ch\/fr\/gnss-rtk\/triton\/specifications\/","name":"Sp\u00e9cifications | HAPPY SURVEY","isPartOf":{"@id":"https:\/\/www.happysurvey.ch\/#website"},"datePublished":"2025-10-03T07:49:51+00:00","dateModified":"2025-10-05T10:44:01+00:00","breadcrumb":{"@id":"https:\/\/www.happysurvey.ch\/fr\/gnss-rtk\/triton\/specifications\/#breadcrumb"},"inLanguage":"fr-FR","potentialAction":[{"@type":"ReadAction","target":["https:\/\/www.happysurvey.ch\/fr\/gnss-rtk\/triton\/specifications\/"]}]},{"@type":"BreadcrumbList","@id":"https:\/\/www.happysurvey.ch\/fr\/gnss-rtk\/triton\/specifications\/#breadcrumb","itemListElement":[{"@type":"ListItem","position":1,"name":"Home","item":"https:\/\/www.happysurvey.ch\/fr\/"},{"@type":"ListItem","position":2,"name":"GNSS RTK","item":"https:\/\/www.happysurvey.ch\/fr\/gnss-rtk\/"},{"@type":"ListItem","position":3,"name":"TRITON","item":"https:\/\/www.happysurvey.ch\/fr\/gnss-rtk\/triton\/"},{"@type":"ListItem","position":4,"name":"Sp\u00e9cifications"}]},{"@type":"WebSite","@id":"https:\/\/www.happysurvey.ch\/#website","url":"https:\/\/www.happysurvey.ch\/","name":"HAPPY SURVEY","description":"High precision positioning","publisher":{"@id":"https:\/\/www.happysurvey.ch\/#organization"},"potentialAction":[{"@type":"SearchAction","target":{"@type":"EntryPoint","urlTemplate":"https:\/\/www.happysurvey.ch\/?s={search_term_string}"},"query-input":{"@type":"PropertyValueSpecification","valueRequired":true,"valueName":"search_term_string"}}],"inLanguage":"fr-FR"},{"@type":"Organization","@id":"https:\/\/www.happysurvey.ch\/#organization","name":"HAPPY SURVEY Sagl","url":"https:\/\/www.happysurvey.ch\/","logo":{"@type":"ImageObject","inLanguage":"fr-FR","@id":"https:\/\/www.happysurvey.ch\/#\/schema\/logo\/image\/","url":"https:\/\/www.happysurvey.ch\/wp-content\/uploads\/2024\/10\/profile.jpg","contentUrl":"https:\/\/www.happysurvey.ch\/wp-content\/uploads\/2024\/10\/profile.jpg","width":1644,"height":1096,"caption":"HAPPY SURVEY Sagl"},"image":{"@id":"https:\/\/www.happysurvey.ch\/#\/schema\/logo\/image\/"},"sameAs":["https:\/\/www.facebook.com\/Happy-Survey-237150900351987\/","https:\/\/www.instagram.com\/happysurvey\/","https:\/\/www.linkedin.com\/company\/happy-survey-sagl\/"]}]}},"_links":{"self":[{"href":"https:\/\/www.happysurvey.ch\/fr\/wp-json\/wp\/v2\/pages\/21661","targetHints":{"allow":["GET"]}}],"collection":[{"href":"https:\/\/www.happysurvey.ch\/fr\/wp-json\/wp\/v2\/pages"}],"about":[{"href":"https:\/\/www.happysurvey.ch\/fr\/wp-json\/wp\/v2\/types\/page"}],"author":[{"embeddable":true,"href":"https:\/\/www.happysurvey.ch\/fr\/wp-json\/wp\/v2\/users\/1"}],"replies":[{"embeddable":true,"href":"https:\/\/www.happysurvey.ch\/fr\/wp-json\/wp\/v2\/comments?post=21661"}],"version-history":[{"count":3,"href":"https:\/\/www.happysurvey.ch\/fr\/wp-json\/wp\/v2\/pages\/21661\/revisions"}],"predecessor-version":[{"id":21766,"href":"https:\/\/www.happysurvey.ch\/fr\/wp-json\/wp\/v2\/pages\/21661\/revisions\/21766"}],"up":[{"embeddable":true,"href":"https:\/\/www.happysurvey.ch\/fr\/wp-json\/wp\/v2\/pages\/21732"}],"wp:attachment":[{"href":"https:\/\/www.happysurvey.ch\/fr\/wp-json\/wp\/v2\/media?parent=21661"}],"curies":[{"name":"wp","href":"https:\/\/api.w.org\/{rel}","templated":true}]}}